{"id":5679547,"date":"2020-09-04T10:02:25","date_gmt":"2020-09-04T10:02:25","guid":{"rendered":"https:\/\/www.tria.pt\/?page_id=5679547"},"modified":"2021-11-08T12:20:28","modified_gmt":"2021-11-08T12:20:28","slug":"ventilacao-natural","status":"publish","type":"page","link":"https:\/\/www.tria.pt\/pt\/ventilacao-natural\/","title":{"rendered":"Ventila\u00e7\u00e3o Natural"},"content":{"rendered":"[vc_row disable_element=&#8221;yes&#8221; css=&#8221;.vc_custom_1555406081382{padding-bottom: 100px !important;background-color: #1a1a1a !important;}&#8221;][vc_column]<div data-norebro-portfolio-grid=\"true\"\n\tid=\"norebro-custom-69e51f70f2bc5\"\n\tclass=\"norebro-recent-projects-sc\"\n\t\t>\n\n\t\t\t\t\t<div class=\"portfolio-sorting\" data-filter=\"portfolio\">\n\t\t\t<ul class=\"unstyled\">\n\t\t\t\t<li>\n\t\t\t\t\t<a class=\"active\" href=\"#all\" data-isotope-filter=\"*\">\n\t\t\t\t\t\t<span class=\"name\">All<\/span>\n\t\t\t\t\t\t<span class=\"num\"><\/span>\n\t\t\t\t\t<\/a>\n\t\t\t\t<\/li>\n\t\t\t\t\t\t\t\t\t<li>\n\t\t\t\t\t\t<a href=\"#anti-intrusion\" data-isotope-filter=\".norebro-filter-project-ad0fd3feeeafc8ecfddf2dd431a65eae\">\n\t\t\t\t\t\t\t<span class=\"name\">Anti-Intrusion<\/span>\n\t\t\t\t\t\t\t<span class=\"num\"><\/span>\n\t\t\t\t\t\t<\/a>\n\t\t\t\t\t<\/li>\n\t\t\t\t\t\t\t\t\t<li>\n\t\t\t\t\t\t<a href=\"#bullet-protection\" data-isotope-filter=\".norebro-filter-project-4e39dd6a0fe43ef508adcb887ec94dfe\">\n\t\t\t\t\t\t\t<span class=\"name\">Bullet Protection<\/span>\n\t\t\t\t\t\t\t<span class=\"num\"><\/span>\n\t\t\t\t\t\t<\/a>\n\t\t\t\t\t<\/li>\n\t\t\t\t\t\t\t\t\t<li>\n\t\t\t\t\t\t<a href=\"#fire-resistant-and-or-accoustic\" data-isotope-filter=\".norebro-filter-project-a35c339e478ce635d9beaad7cfc8ea44\">\n\t\t\t\t\t\t\t<span class=\"name\">Fire Resistant and\/or Accoustic<\/span>\n\t\t\t\t\t\t\t<span class=\"num\"><\/span>\n\t\t\t\t\t\t<\/a>\n\t\t\t\t\t<\/li>\n\t\t\t\t\t\t\t<\/ul>\n\t\t<\/div>\n\t\t\t\n\t\n\t<div class=\"vc_row  with-sorting\" data-isotope-grid=\"true\" data-lazy-container=\"projects\">\n\n\t\t\n\t\t\t<\/div>\n\n\t<nav class=\"pagination text-left\"><ul><\/ul><\/nav>\n<\/div>\n[\/vc_column][\/vc_row][vc_row disable_element=&#8221;yes&#8221; css=&#8221;.vc_custom_1591026687672{padding-bottom: 100px !important;background-color: #1a1a1a !important;}&#8221;][vc_column]<div data-norebro-portfolio-grid=\"true\"\n\tid=\"norebro-custom-69e51f70f3730\"\n\tclass=\"norebro-recent-projects-sc\"\n\t\t>\n\n\t\t\t\t\t<div class=\"portfolio-sorting\" data-filter=\"portfolio\">\n\t\t\t<ul class=\"unstyled\">\n\t\t\t\t<li>\n\t\t\t\t\t<a class=\"active\" href=\"#all\" data-isotope-filter=\"*\">\n\t\t\t\t\t\t<span class=\"name\">All<\/span>\n\t\t\t\t\t\t<span class=\"num\"><\/span>\n\t\t\t\t\t<\/a>\n\t\t\t\t<\/li>\n\t\t\t\t\t\t\t\t\t<li>\n\t\t\t\t\t\t<a href=\"#smoke-vents-and-natural-ventilation\" data-isotope-filter=\".norebro-filter-project-94fa71f3faab3847c0ccc44cca8656e7\">\n\t\t\t\t\t\t\t<span class=\"name\">Smoke Vents and Natural Ventilation<\/span>\n\t\t\t\t\t\t\t<span class=\"num\"><\/span>\n\t\t\t\t\t\t<\/a>\n\t\t\t\t\t<\/li>\n\t\t\t\t\t\t\t<\/ul>\n\t\t<\/div>\n\t\t\t\n\t\n\t<div class=\"vc_row  with-sorting\" data-isotope-grid=\"true\" data-lazy-container=\"projects\">\n\n\t\t\n\t\t\t<\/div>\n\n\t<nav class=\"pagination text-left\"><ul><\/ul><\/nav>\n<\/div>\n[\/vc_column][\/vc_row][vc_row css=&#8221;.vc_custom_1591026692050{padding-top: 50px !important;padding-bottom: 100px !important;}&#8221;][vc_column width=&#8221;1\/3&#8243;][vc_empty_space height=&#8221;40px&#8221;]<div class=\"norebro-split-box-sc split-box series-list\" \nid=\"norebro-custom-69e51f70f3a15\" \n>\n\n\t<div class=\"vc_col-md-6 split-box-wrap\">\n\t<div class=\"parallax-bg\"><\/div>\n\t<div class=\"content\">\n\t\t<div class=\"norebro-heading-sc heading text-left\"\n\tid=\"norebro-custom-69e51f70f3b65\" \n\t \n\t>\n\t\n\t\n\t\n\t<h4 class=\"title\">\n\t\tKalon <br\/>\t<\/h4>\n\n\t\n\t\t\t<p class=\"subtitle\">\n\t\t\tVentila\u00e7\u00e3o natural para todo o tipo de clima\t\t<\/p>\n\t\t\n<\/div>\t<\/div>\n<\/div><div class=\"vc_col-md-6 split-box-wrap\">\n\t<div class=\"parallax-bg\"><\/div>\n\t<div class=\"content\">\n\t\t<div class=\"norebro-button-sc btn-wrap text-center\" \n\tid=\"norebro-custom-69e51f70f3c3c\"\n\t \n\t>\n\n\t<a href=\"https:\/\/www.tria.pt\/pt\/project\/kalon\/\" \n\t\tclass=\"btn  btn-outline\">\n\n\t\t\n\t\t\n\t\t<span class=\"text\">\n\t\t\tver produto\t\t<\/span>\n\n\t\t\t\t\t<span class=\"icon ion-right ion-android-arrow-forward\"><\/span>\n\t\t\n\t\t\n\t\t\t<\/a>\n\n<\/div>\t<\/div>\n<\/div>\t\n\n<\/div>[vc_empty_space height=&#8221;10px&#8221;][vc_single_image image=&#8221;5679557&#8243; img_size=&#8221;full&#8221;][vc_empty_space height=&#8221;40px&#8221;]<div class=\"norebro-split-box-sc split-box series-list\" \nid=\"norebro-custom-69e51f70f3cf9\" \n>\n\n\t<div class=\"vc_col-md-6 split-box-wrap\">\n\t<div class=\"parallax-bg\"><\/div>\n\t<div class=\"content\">\n\t\t<div class=\"norebro-heading-sc heading text-left\"\n\tid=\"norebro-custom-69e51f70f3dbf\" \n\t \n\t>\n\t\n\t\n\t\n\t<h4 class=\"title\">\n\t\tEnzo 2 <br\/>\t<\/h4>\n\n\t\n\t\t\t<p class=\"subtitle\">\n\t\t\tSistema de ventila\u00e7\u00e3o natural - forma labir\u00edntica\t\t<\/p>\n\t\t\n<\/div>\t<\/div>\n<\/div><div class=\"vc_col-md-6 split-box-wrap\">\n\t<div class=\"parallax-bg\"><\/div>\n\t<div class=\"content\">\n\t\t<div class=\"norebro-button-sc btn-wrap text-center\" \n\tid=\"norebro-custom-69e51f70f3e3e\"\n\t \n\t>\n\n\t<a href=\"https:\/\/www.tria.pt\/pt\/project\/enzo-2\/\" \n\t\tclass=\"btn  btn-outline\">\n\n\t\t\n\t\t\n\t\t<span class=\"text\">\n\t\t\tver produto\t\t<\/span>\n\n\t\t\t\t\t<span class=\"icon ion-right ion-android-arrow-forward\"><\/span>\n\t\t\n\t\t\n\t\t\t<\/a>\n\n<\/div>\t<\/div>\n<\/div>\t\n\n<\/div>[vc_empty_space height=&#8221;10px&#8221;][vc_single_image image=&#8221;5680286&#8243; img_size=&#8221;full&#8221;][vc_empty_space height=&#8221;60px&#8221;][\/vc_column][vc_column width=&#8221;1\/3&#8243;][vc_empty_space height=&#8221;40px&#8221;]<div class=\"norebro-split-box-sc split-box series-list\" \nid=\"norebro-custom-69e51f70f3ecb\" \n>\n\n\t<div class=\"vc_col-md-6 split-box-wrap\">\n\t<div class=\"parallax-bg\"><\/div>\n\t<div class=\"content\">\n\t\t<div class=\"norebro-heading-sc heading text-left\"\n\tid=\"norebro-custom-69e51f70f3f7a\" \n\t \n\t>\n\t\n\t\n\t\n\t<h4 class=\"title\">\n\t\tKalon 2<br\/>\t<\/h4>\n\n\t\n\t\t\t<p class=\"subtitle\">\n\t\t\tVentila\u00e7\u00e3o natural para todo o tipo de clima\t\t<\/p>\n\t\t\n<\/div>\t<\/div>\n<\/div><div class=\"vc_col-md-6 split-box-wrap\">\n\t<div class=\"parallax-bg\"><\/div>\n\t<div class=\"content\">\n\t\t<div class=\"norebro-button-sc btn-wrap text-center\" \n\tid=\"norebro-custom-69e51f70f3fee\"\n\t \n\t>\n\n\t<a href=\"https:\/\/www.tria.pt\/pt\/project\/kalon-2\/\" \n\t\tclass=\"btn  btn-outline\">\n\n\t\t\n\t\t\n\t\t<span class=\"text\">\n\t\t\tver produto\t\t<\/span>\n\n\t\t\t\t\t<span class=\"icon ion-right ion-android-arrow-forward\"><\/span>\n\t\t\n\t\t\n\t\t\t<\/a>\n\n<\/div>\t<\/div>\n<\/div>\t\n\n<\/div>[vc_empty_space height=&#8221;10px&#8221;][vc_single_image image=&#8221;5679557&#8243; img_size=&#8221;full&#8221;][vc_empty_space height=&#8221;40px&#8221;][\/vc_column][vc_column width=&#8221;1\/3&#8243;][vc_empty_space height=&#8221;40px&#8221;]<div class=\"norebro-split-box-sc split-box series-list\" \nid=\"norebro-custom-69e51f70f4073\" \n>\n\n\t<div class=\"vc_col-md-6 split-box-wrap\">\n\t<div class=\"parallax-bg\"><\/div>\n\t<div class=\"content\">\n\t\t<div class=\"norebro-heading-sc heading text-left\"\n\tid=\"norebro-custom-69e51f70f4132\" \n\t \n\t>\n\t\n\t\n\t\n\t<h4 class=\"title\">\n\t\tEnzo <br\/>\t<\/h4>\n\n\t\n\t\t\t<p class=\"subtitle\">\n\t\t\tSistema de ventila\u00e7\u00e3o natural - forma labir\u00edntica\t\t<\/p>\n\t\t\n<\/div>\t<\/div>\n<\/div><div class=\"vc_col-md-6 split-box-wrap\">\n\t<div class=\"parallax-bg\"><\/div>\n\t<div class=\"content\">\n\t\t<div class=\"norebro-button-sc btn-wrap text-center\" \n\tid=\"norebro-custom-69e51f70f41a8\"\n\t \n\t>\n\n\t<a href=\"https:\/\/www.tria.pt\/pt\/project\/enzo\/\" \n\t\tclass=\"btn  btn-outline\">\n\n\t\t\n\t\t\n\t\t<span class=\"text\">\n\t\t\tver produto\t\t<\/span>\n\n\t\t\t\t\t<span class=\"icon ion-right ion-android-arrow-forward\"><\/span>\n\t\t\n\t\t\n\t\t\t<\/a>\n\n<\/div>\t<\/div>\n<\/div>\t\n\n<\/div>[vc_empty_space height=&#8221;10px&#8221;][vc_single_image image=&#8221;5679543&#8243; img_size=&#8221;full&#8221;][vc_empty_space height=&#8221;60px&#8221;][\/vc_column][\/vc_row]\n","protected":false},"excerpt":{"rendered":"<p>[vc_row disable_element=&#8221;yes&#8221; css=&#8221;.vc_custom_1555406081382{padding-bottom: 100px !important;background-color: #1a1a1a !important;}&#8221;][vc_column][\/vc_column][\/vc_row][vc_row disable_element=&#8221;yes&#8221; css=&#8221;.vc_custom_1591026687672{padding-bottom: 100px !important;background-color: #1a1a1a !important;}&#8221;][vc_column][\/vc_column][\/vc_row][vc_row css=&#8221;.vc_custom_1591026692050{padding-top:&#8230;<\/p>\n","protected":false},"author":2,"featured_media":0,"parent":0,"menu_order":0,"comment_status":"closed","ping_status":"closed","template":"","meta":{"inline_featured_image":false,"footnotes":""},"class_list":["post-5679547","page","type-page","status-publish","hentry"],"acf":[],"yoast_head":"<!-- This site is optimized with the Yoast SEO plugin v24.3 - https:\/\/yoast.com\/wordpress\/plugins\/seo\/ -->\n<title>Ventila\u00e7\u00e3o Natural - TRIA<\/title>\n<meta name=\"robots\" content=\"index, follow, max-snippet:-1, max-image-preview:large, max-video-preview:-1\" \/>\n<link rel=\"canonical\" href=\"https:\/\/www.tria.pt\/pt\/ventilacao-natural\/\" \/>\n<meta property=\"og:locale\" content=\"pt_PT\" \/>\n<meta property=\"og:type\" content=\"article\" \/>\n<meta property=\"og:title\" content=\"Ventila\u00e7\u00e3o Natural - TRIA\" \/>\n<meta property=\"og:description\" content=\"[vc_row disable_element=&#8221;yes&#8221; css=&#8221;.vc_custom_1555406081382{padding-bottom: 100px !important;background-color: #1a1a1a !important;}&#8221;][vc_column][\/vc_column][\/vc_row][vc_row disable_element=&#8221;yes&#8221; css=&#8221;.vc_custom_1591026687672{padding-bottom: 100px !important;background-color: #1a1a1a !important;}&#8221;][vc_column][\/vc_column][\/vc_row][vc_row css=&#8221;.vc_custom_1591026692050{padding-top:...\" \/>\n<meta property=\"og:url\" content=\"https:\/\/www.tria.pt\/pt\/ventilacao-natural\/\" \/>\n<meta property=\"og:site_name\" content=\"TRIA\" \/>\n<meta property=\"article:modified_time\" content=\"2021-11-08T12:20:28+00:00\" \/>\n<meta name=\"twitter:card\" content=\"summary_large_image\" \/>\n<meta name=\"twitter:label1\" content=\"Est. reading time\" \/>\n\t<meta name=\"twitter:data1\" content=\"1 minute\" \/>\n<script type=\"application\/ld+json\" class=\"yoast-schema-graph\">{\"@context\":\"https:\/\/schema.org\",\"@graph\":[{\"@type\":\"WebPage\",\"@id\":\"https:\/\/www.tria.pt\/pt\/ventilacao-natural\/\",\"url\":\"https:\/\/www.tria.pt\/pt\/ventilacao-natural\/\",\"name\":\"Ventila\u00e7\u00e3o Natural - TRIA\",\"isPartOf\":{\"@id\":\"https:\/\/www.tria.pt\/pt\/#website\"},\"datePublished\":\"2020-09-04T10:02:25+00:00\",\"dateModified\":\"2021-11-08T12:20:28+00:00\",\"breadcrumb\":{\"@id\":\"https:\/\/www.tria.pt\/pt\/ventilacao-natural\/#breadcrumb\"},\"inLanguage\":\"pt\",\"potentialAction\":[{\"@type\":\"ReadAction\",\"target\":[\"https:\/\/www.tria.pt\/pt\/ventilacao-natural\/\"]}]},{\"@type\":\"BreadcrumbList\",\"@id\":\"https:\/\/www.tria.pt\/pt\/ventilacao-natural\/#breadcrumb\",\"itemListElement\":[{\"@type\":\"ListItem\",\"position\":1,\"name\":\"Home\",\"item\":\"https:\/\/www.tria.pt\/pt\/\"},{\"@type\":\"ListItem\",\"position\":2,\"name\":\"Ventila\u00e7\u00e3o Natural\"}]},{\"@type\":\"WebSite\",\"@id\":\"https:\/\/www.tria.pt\/pt\/#website\",\"url\":\"https:\/\/www.tria.pt\/pt\/\",\"name\":\"TRIA\",\"description\":\"Passive Fire Protection and Thermoresistant Solutions\",\"potentialAction\":[{\"@type\":\"SearchAction\",\"target\":{\"@type\":\"EntryPoint\",\"urlTemplate\":\"https:\/\/www.tria.pt\/pt\/?s={search_term_string}\"},\"query-input\":{\"@type\":\"PropertyValueSpecification\",\"valueRequired\":true,\"valueName\":\"search_term_string\"}}],\"inLanguage\":\"pt\"}]}<\/script>\n<!-- \/ Yoast SEO plugin. -->","yoast_head_json":{"title":"Ventila\u00e7\u00e3o Natural - TRIA","robots":{"index":"index","follow":"follow","max-snippet":"max-snippet:-1","max-image-preview":"max-image-preview:large","max-video-preview":"max-video-preview:-1"},"canonical":"https:\/\/www.tria.pt\/pt\/ventilacao-natural\/","og_locale":"pt_PT","og_type":"article","og_title":"Ventila\u00e7\u00e3o Natural - TRIA","og_description":"[vc_row disable_element=&#8221;yes&#8221; css=&#8221;.vc_custom_1555406081382{padding-bottom: 100px !important;background-color: #1a1a1a !important;}&#8221;][vc_column][\/vc_column][\/vc_row][vc_row disable_element=&#8221;yes&#8221; css=&#8221;.vc_custom_1591026687672{padding-bottom: 100px !important;background-color: #1a1a1a !important;}&#8221;][vc_column][\/vc_column][\/vc_row][vc_row css=&#8221;.vc_custom_1591026692050{padding-top:...","og_url":"https:\/\/www.tria.pt\/pt\/ventilacao-natural\/","og_site_name":"TRIA","article_modified_time":"2021-11-08T12:20:28+00:00","twitter_card":"summary_large_image","twitter_misc":{"Est. reading time":"1 minute"},"schema":{"@context":"https:\/\/schema.org","@graph":[{"@type":"WebPage","@id":"https:\/\/www.tria.pt\/pt\/ventilacao-natural\/","url":"https:\/\/www.tria.pt\/pt\/ventilacao-natural\/","name":"Ventila\u00e7\u00e3o Natural - TRIA","isPartOf":{"@id":"https:\/\/www.tria.pt\/pt\/#website"},"datePublished":"2020-09-04T10:02:25+00:00","dateModified":"2021-11-08T12:20:28+00:00","breadcrumb":{"@id":"https:\/\/www.tria.pt\/pt\/ventilacao-natural\/#breadcrumb"},"inLanguage":"pt","potentialAction":[{"@type":"ReadAction","target":["https:\/\/www.tria.pt\/pt\/ventilacao-natural\/"]}]},{"@type":"BreadcrumbList","@id":"https:\/\/www.tria.pt\/pt\/ventilacao-natural\/#breadcrumb","itemListElement":[{"@type":"ListItem","position":1,"name":"Home","item":"https:\/\/www.tria.pt\/pt\/"},{"@type":"ListItem","position":2,"name":"Ventila\u00e7\u00e3o Natural"}]},{"@type":"WebSite","@id":"https:\/\/www.tria.pt\/pt\/#website","url":"https:\/\/www.tria.pt\/pt\/","name":"TRIA","description":"Passive Fire Protection and Thermoresistant Solutions","potentialAction":[{"@type":"SearchAction","target":{"@type":"EntryPoint","urlTemplate":"https:\/\/www.tria.pt\/pt\/?s={search_term_string}"},"query-input":{"@type":"PropertyValueSpecification","valueRequired":true,"valueName":"search_term_string"}}],"inLanguage":"pt"}]}},"_links":{"self":[{"href":"https:\/\/www.tria.pt\/pt\/wp-json\/wp\/v2\/pages\/5679547"}],"collection":[{"href":"https:\/\/www.tria.pt\/pt\/wp-json\/wp\/v2\/pages"}],"about":[{"href":"https:\/\/www.tria.pt\/pt\/wp-json\/wp\/v2\/types\/page"}],"author":[{"embeddable":true,"href":"https:\/\/www.tria.pt\/pt\/wp-json\/wp\/v2\/users\/2"}],"replies":[{"embeddable":true,"href":"https:\/\/www.tria.pt\/pt\/wp-json\/wp\/v2\/comments?post=5679547"}],"version-history":[{"count":11,"href":"https:\/\/www.tria.pt\/pt\/wp-json\/wp\/v2\/pages\/5679547\/revisions"}],"predecessor-version":[{"id":5682669,"href":"https:\/\/www.tria.pt\/pt\/wp-json\/wp\/v2\/pages\/5679547\/revisions\/5682669"}],"wp:attachment":[{"href":"https:\/\/www.tria.pt\/pt\/wp-json\/wp\/v2\/media?parent=5679547"}],"curies":[{"name":"wp","href":"https:\/\/api.w.org\/{rel}","templated":true}]}}