{"id":5677488,"date":"2019-04-22T07:12:59","date_gmt":"2019-04-22T07:12:59","guid":{"rendered":"http:\/\/dev-centiva.com\/tria?page_id=5677488"},"modified":"2022-03-22T14:43:20","modified_gmt":"2022-03-22T14:43:20","slug":"privacy-policy","status":"publish","type":"page","link":"https:\/\/www.tria.pt\/pt\/privacy-policy\/","title":{"rendered":"Pol\u00edtica de Privacidade"},"content":{"rendered":"<p><span style=\"color: #ff0000;\"><strong><span style=\"font-size: 14pt;\">\u00cdndice<\/span><\/strong><\/span><\/p>\n<p><span style=\"font-size: 14pt;\"><strong>POL\u00cdTICA DE PRIVACIDADE E PROTE\u00c7\u00c3O DE DADOS PESSOAIS\u00a0<\/strong><\/span><br \/>\n<strong>1. O que s\u00e3o Dados Pessoais?\u00a0<\/strong><br \/>\n<strong>2. Para que finalidades e com que fundamento podem ser utilizados dados pessoais?\u00a0<\/strong><br \/>\n<strong>3. Por quanto tempo guardamos os dados pessoais?\u00a0<\/strong><br \/>\n<strong>4. Quem \u00e9 o respons\u00e1vel pelo tratamento dos dados pessoais?<\/strong><br \/>\n<strong>5. A TRIA partilha dados pessoais com entidades terceiras?\u00a0<\/strong><br \/>\n<strong>6. Como \u00e9 que mantemos os dados pessoais seguros?\u00a0<\/strong><br \/>\n<strong>7. Quais s\u00e3o os Direitos dos Titulares de Dados Pessoais?\u00a0<\/strong><br \/>\n<strong>8. Altera\u00e7\u00f5es \u00e0 Pol\u00edtica de Privacidade\u00a0<\/strong><\/p>\n<p><span style=\"font-size: 14pt;\"><strong>POL\u00cdTICA DE COOKIES\u00a0<\/strong><\/span><br \/>\n<strong>1. O que \u00e9 um Cookie?\u00a0<\/strong><br \/>\n<strong>2. Para que s\u00e3o utilizados os Cookies neste website?\u00a0<\/strong><br \/>\n<strong>3. Quem utiliza a informa\u00e7\u00e3o armazenada nos Cookies?\u00a0<\/strong><br \/>\n<strong>4. Como desativar e prevenir a utiliza\u00e7\u00e3o de Cookies?\u00a0<\/strong><\/p>\n<p>&nbsp;<\/p>\n<p>&nbsp;<\/p>\n<p><span style=\"font-size: 12pt;\"><strong>POL\u00cdTICA DE PRIVACIDADE E PROTE\u00c7\u00c3O DE DADOS PESSOAIS<\/strong><\/span><\/p>\n<p>A TRIA \u2013 Servi\u00e7os, Materiais e Equipamentos SA tem como prioridade garantir a seguran\u00e7a, prote\u00e7\u00e3o e privacidade dos dados pessoais dos seus colabores, candidatos a emprego, clientes e fornecedores no estrito cumprimento das regras estabelecidas pelo Regulamento Geral de Prote\u00e7\u00e3o de Dados (RGPD) aprovado pelo Regulamento (UE) 2016\/679 do Parlamento Europeu e do Conselho de 27 de abril de 2016.<br \/>\nPor esta raz\u00e3o, tratamos os dados pessoais com base nos seguintes princ\u00edpios:<br \/>\n&#8211; O tratamento de dados pessoais \u00e9 efetuado de forma l\u00edcita, leal e transparente;<br \/>\n&#8211; A recolha de dados \u00e9 efetuada apenas para finalidades devidamente determinadas, expl\u00edcitas e leg\u00edtimas, de acordo com a legisla\u00e7\u00e3o aplic\u00e1vel;<br \/>\n&#8211; Os dados recolhidos s\u00e3o limitados ao estritamente imprescind\u00edvel e pelo tempo necess\u00e1rio para as finalidades para que s\u00e3o tratados;<br \/>\n&#8211; Apenas t\u00eam acesso aos dados pessoais tratados os trabalhadores, e parceiros do Grupo cujas fun\u00e7\u00f5es assim exijam;<br \/>\n&#8211; Os dados pessoais s\u00e3o tratados de forma confidencial.<br \/>\nO presente documento pretende divulgar a forma e os objetivos com que esse tratamento \u00e9 efetuado, bem como dar a conhecer aos titulares dos dados os seus direitos previstos no referido regulamento.<\/p>\n<p><span style=\"font-size: 12pt;\"><strong>1. O que s\u00e3o Dados Pessoais?<\/strong><\/span><\/p>\n<p>De acordo com o disposto na legisla\u00e7\u00e3o sobre prote\u00e7\u00e3o de dados, \u2018dados pessoais\u2019 s\u00e3o qualquer informa\u00e7\u00e3o relativa a uma pessoa singular identificada ou identific\u00e1vel (o titular dos dados). \u00c9 considerada identific\u00e1vel uma pessoa singular que possa ser identificada, direta ou indiretamente, em especial por refer\u00eancia a um identificador, como por exemplo um nome, um n\u00famero de identifica\u00e7\u00e3o, dados de localiza\u00e7\u00e3o, identificadores por via eletr\u00f3nica ou a um ou mais elementos espec\u00edficos da identidade f\u00edsica, fisiol\u00f3gica, gen\u00e9tica, mental, econ\u00f3mica, cultural ou social dessa pessoa singular.<\/p>\n<p><span style=\"font-size: 12pt;\"><strong>2. Para que finalidades e com que fundamento podem ser utilizados dados pessoais?<\/strong><\/span><\/p>\n<p>Os dados pessoais ser\u00e3o recolhidos e utilizados a partir do momento que exista plena consci\u00eancia do tratamento e finalidade dos dados recolhidos e\/ou cedidos. As finalidades para as quais ser\u00e3o recolhidos e tratados os seus dados s\u00e3o:<br \/>\nFinalidades Exemplos de finalidades (n\u00e3o exaustivo)<br \/>\nMarketing &#8211; Promo\u00e7\u00e3o de eventos em redes sociais<br \/>\nGest\u00e3o de Clientes e Presta\u00e7\u00e3o de Servi\u00e7os &#8211; Gest\u00e3o de contactos, informa\u00e7\u00f5es ou pedidos<br \/>\n&#8211; Gest\u00e3o de reclama\u00e7\u00f5es ou incidentes<br \/>\nMarketing &#8211; Marketing e promo\u00e7\u00e3o de novos servi\u00e7os<br \/>\nRecrutamento &#8211; Angaria\u00e7\u00e3o e Sele\u00e7\u00e3o de Candidatos<br \/>\nGest\u00e3o de colaboradores &#8211; Admiss\u00e3o, forma\u00e7\u00e3o, acompanhamento e gest\u00e3o contratual<br \/>\nEst\u00e1gios &#8211; Angaria\u00e7\u00e3o e sele\u00e7\u00e3o de candidatos, admiss\u00e3o, forma\u00e7\u00e3o e acompanhamento<br \/>\nServi\u00e7os Contabil\u00edsticos, Fiscais e Administrativos &#8211; Contabilidade e fatura\u00e7\u00e3o<br \/>\n&#8211; Informa\u00e7\u00e3o fiscal, incluindo envio de informa\u00e7\u00e3o \u00e0 autoridade tribut\u00e1ria<br \/>\nGest\u00e3o de Contencioso &#8211; Cobran\u00e7a judicial e extrajudicial<br \/>\n&#8211; Gest\u00e3o de outros conflitos<br \/>\nDete\u00e7\u00e3o de fraude, prote\u00e7\u00e3o de interesses leg\u00edtimos e auditoria &#8211; Dete\u00e7\u00e3o de fraude e pr\u00e1ticas il\u00edcitas<br \/>\n&#8211; Auditoria e investiga\u00e7\u00e3o internas<br \/>\nCumprimento de obriga\u00e7\u00f5es legais &#8211; Resposta a entidades judiciais, de regula\u00e7\u00e3o e de supervis\u00e3o, nomeadamente a entidades p\u00fablicas<br \/>\nControlo da seguran\u00e7a da informa\u00e7\u00e3o &#8211; Gest\u00e3o de acessos, logs<br \/>\n&#8211; Gest\u00e3o de backups<br \/>\n&#8211; Gest\u00e3o de incidentes de seguran\u00e7a<br \/>\nControlo de assiduidade &#8211; Para o controlo de assiduidade e registo de tempos<\/p>\n<p>Apenas procedemos ao tratamento de dados pessoais caso se verifique uma das condi\u00e7\u00f5es previstas na legisla\u00e7\u00e3o sobre prote\u00e7\u00e3o de dados, nomeadamente:<br \/>\n&#8211; Caso o tratamento dos dados pessoais seja necess\u00e1rio para a execu\u00e7\u00e3o de um contrato no qual o titular dos dados \u00e9 parte, ou para dilig\u00eancias pr\u00e9-contratuais a pedido do titular dos dados;<br \/>\n&#8211; Quando o tratamento seja necess\u00e1rio para o cumprimento de uma obriga\u00e7\u00e3o jur\u00eddica a que a TRIA esteja sujeita;<br \/>\n&#8211; Se o tratamento for necess\u00e1rio para garantir interesses leg\u00edtimos da TRIA;<br \/>\n&#8211; Caso o titular dos dados tenha dado o seu consentimento para o tratamento dos seus dados pessoais.<\/p>\n<p><span style=\"font-size: 12pt;\"><strong>3. Por quanto tempo guardamos os dados pessoais?<\/strong><\/span><\/p>\n<p>O per\u00edodo de tempo durante o qual os dados s\u00e3o armazenados e conservados varia de acordo com a finalidade para a qual a informa\u00e7\u00e3o \u00e9 tratada.<br \/>\nOs dados pessoais tratados pela TRIA s\u00e3o conservados apenas pelo per\u00edodo m\u00ednimo necess\u00e1rio para as finalidades que motivaram a sua recolha ou o seu posterior tratamento, ou pelo per\u00edodo previsto no quadro legal aplic\u00e1vel. A determina\u00e7\u00e3o destes prazos \u00e9 efetuada com base em crit\u00e9rios de reten\u00e7\u00e3o da informa\u00e7\u00e3o definidos e adequados a cada tratamento e respeitando as obriga\u00e7\u00f5es legais e regulamentares que impendam sobre a empresa.<\/p>\n<p><span style=\"font-size: 12pt;\"><strong>4. Quem \u00e9 o respons\u00e1vel pelo tratamento dos dados pessoais?<\/strong><\/span><\/p>\n<p>A entidade respons\u00e1vel pelo tratamento dos seus dados pessoais \u00e9 a:<br \/>\nTRIA- Servi\u00e7os, Materiais e Equipamentos, SA, n\u00famero de identifica\u00e7\u00e3o de pessoa coletiva 502217022 e sede no<br \/>\nParque Industrial Manuel Louren\u00e7o Ferreira, Lote 43, 3450-232 Mort\u00e1gua.<\/p>\n<p><span style=\"font-size: 12pt;\"><strong>5. A TRIA partilha dados pessoais com entidades terceiras?<\/strong><\/span><\/p>\n<p>No exerc\u00edcio da sua atividade, a TRIA poder\u00e1 ter de comunicar ou dar acesso aos seus dados pessoais a outras entidades, assegurando-se sempre que estas apresentam medidas t\u00e9cnicas e organizativas que protejam adequadamente os dados pessoais. Os dados pessoais apenas ser\u00e3o acedidos ou partilhados para a realiza\u00e7\u00e3o das finalidades previstas supra e com as seguintes entidades:<\/p>\n<p>&#8211; Empresas pertencentes ao Grupo Empresarial em que a TRIA se insere;<br \/>\n&#8211; Clientes da TRIA;<br \/>\n&#8211; Entidades que prestem servi\u00e7os \u00e0 empresa, em mat\u00e9ria, por exemplo, de apoio inform\u00e1tico, gest\u00e3o documental, apoio jur\u00eddico, recursos humanos;<br \/>\n&#8211; Autoridades P\u00fablicas (por exemplo a Autoridade Tribut\u00e1ria e Aduaneira).<\/p>\n<p>Estes s\u00e3o obrigados a cumprir rigorosamente as normas legais e regulamentares aplic\u00e1veis sobre prote\u00e7\u00e3o de dados pessoais, confidencialidade, seguran\u00e7a da informa\u00e7\u00e3o e demais normas e regulamentos aplic\u00e1veis.<\/p>\n<p><span style=\"font-size: 12pt;\"><strong>6. Como \u00e9 que mantemos os seus dados pessoais seguros?<\/strong><\/span><\/p>\n<p>A TRIA est\u00e1 empenhada em assegurar a confidencialidade, prote\u00e7\u00e3o e seguran\u00e7a dos seus dados pessoais. Para o efeito tem ao seu dispor medidas de seguran\u00e7a, t\u00e9cnicas e organizacionais que garantem a prote\u00e7\u00e3o dos dados pessoais contra viola\u00e7\u00f5es de dados pessoais (viola\u00e7\u00f5es de seguran\u00e7a que provoquem, de modo acidental ou il\u00edcito, a destrui\u00e7\u00e3o, a perda, a altera\u00e7\u00e3o, a divulga\u00e7\u00e3o ou o acesso, n\u00e3o autorizados, a dados pessoais transmitidos, conservados ou sujeitos a qualquer outro tipo de tratamento) e contra qualquer outra forma de tratamento il\u00edcito. O compromisso assumido na prote\u00e7\u00e3o de dados pessoais implica tamb\u00e9m que, sempre que os dados pessoais sejam transmitidos a outras entidades, estas fiquem obrigadas a adotar medidas t\u00e9cnicas e organizacionais que garantam o mesmo n\u00edvel de prote\u00e7\u00e3o.<\/p>\n<p><span style=\"font-size: 12pt;\"><strong>7. Quais s\u00e3o os Direitos dos Titulares de Dados Pessoais?<\/strong><\/span><br \/>\nA TRIA assegura que o titular dos dados possa exercer os direitos que lhe s\u00e3o conferidos pela legisla\u00e7\u00e3o sobre a prote\u00e7\u00e3o de dados (e sempre desde que cumprindo com o enquadramento legal de prote\u00e7\u00e3o de dados e outra legisla\u00e7\u00e3o aplic\u00e1vel caso a caso) nomeadamente:<\/p>\n<p><strong>&#8211; Direito de acesso aos dados pessoais:<\/strong> o titular de dados pessoais pode obter confirma\u00e7\u00e3o sobre se os seus dados pessoais s\u00e3o tratados e aceder a informa\u00e7\u00e3o sobre os mesmos;<br \/>\n<strong>&#8211; Direito de retifica\u00e7\u00e3o:<\/strong> o titular de dados pessoais pode solicitar a sua retifica\u00e7\u00e3o ou que os mesmos sejam completados;<br \/>\n<strong>&#8211; Direito ao apagamento:<\/strong> o titular de dados pode requerer que os seus dados pessoais sejam apagados em determinadas situa\u00e7\u00f5es: (i) se os dados pessoais deixarem de ser necess\u00e1rios para a finalidade que motivou a sua recolha ou tratamento, (ii) se o titular retirar o consentimento em que se baseia o tratamento de dados e n\u00e3o exista outro fundamento jur\u00eddico para o mesmo, (iii) se o titular se opuser ao tratamento e n\u00e3o existam interesses leg\u00edtimos prevalecentes, (iv) se os dados pessoais tiverem sido tratados ilicitamente, (v) se os dados pessoais tiverem de ser apagados ao abrigo de uma obriga\u00e7\u00e3o jur\u00eddica ou (vi) se os dados pessoais tiverem sido recolhidos no contexto da oferta de servi\u00e7os da sociedade de informa\u00e7\u00e3o;<br \/>\n<strong>&#8211; Direito \u00e0 limita\u00e7\u00e3o do tratamento:<\/strong> o titular de dados pessoais tem o direito a requerer a limita\u00e7\u00e3o do seu tratamento quando (i) conteste a sua exatid\u00e3o e durante um per\u00edodo de tempo que permita verificar a sua exatid\u00e3o, (ii) considere que o tratamento \u00e9 il\u00edcito, (iii) se os dados j\u00e1 n\u00e3o forem necess\u00e1rios para fins de tratamento, mas esses dados forem necess\u00e1rios para efeitos de declara\u00e7\u00e3o, exerc\u00edcio ou defesa de um direito num processo judicial ou (iv) se o titular de pessoais tiver apresentado oposi\u00e7\u00e3o ao tratamento e n\u00e3o exista um interesse leg\u00edtimo prevalecente;<br \/>\n<strong>&#8211; Direito \u00e0 portabilidade dos dados:<\/strong> quando o tratamento se baseie no consentimento ou na execu\u00e7\u00e3o de um contrato e seja realizado por meios automatizados, o titular de dados pessoais pode solicitar a entrega, num formato estruturado, de uso corrente e de leitura autom\u00e1tica, dos dados pessoais que lhe digam respeito e que tenha fornecido, bem como pedir que os dados pessoais sejam transmitidos a outro respons\u00e1vel pelo tratamento, desde que tal seja tecnicamente poss\u00edvel;<br \/>\n<strong>&#8211; Direito de oposi\u00e7\u00e3o:<\/strong> o titular de dados pessoais tem o direito de se opor ao tratamento a qualquer momento quando: i) o tratamento seja realizado para fins diversos daqueles para os quais os dados foram recolhidos ou (ii) mesmo quando o tratamento se baseie no interesse leg\u00edtimo da pessoa respons\u00e1vel pelo tratamento;<br \/>\n<strong>&#8211; Direito de n\u00e3o ficar sujeito a decis\u00f5es individuais exclusivamente automatizadas:<\/strong> em determinadas situa\u00e7\u00f5es, o titular de dados pessoais tem o direito de solicitar a interven\u00e7\u00e3o humana quando sejam tomadas decis\u00f5es com base em tratamento exclusivamente automatizado;<br \/>\n<strong>&#8211; Direito a retirar o seu consentimento:<\/strong> o titular dos dados tem o direito de retirar o consentimento que tenha prestado para o tratamento dos seus dados pessoais;<br \/>\n<strong>&#8211; Direito de reclama\u00e7\u00e3o perante a Comiss\u00e3o Nacional de Prote\u00e7\u00e3o de Dados sobre quaisquer assuntos relacionados com o tratamento dos seus dados pessoais controlo.<br \/>\n<\/strong>Caso pretenda exercer algum dos direitos referidos ou esclarecer quest\u00f5es relacionadas com a prote\u00e7\u00e3o da privacidade e dos dados pessoais pela TRIA, SA., pode efetu\u00e1-lo atrav\u00e9s de carta ou correio eletr\u00f3nico para os contactos indicados:<\/p>\n<p>privacidade@testa.pt<br \/>\nTria \u2013 Servi\u00e7os, Materiais e Equipamentos S.A.<br \/>\nParque Industrial Manuel Louren\u00e7o Ferreira 43 3450-232 Mort\u00e1gua<\/p>\n<p><span style=\"font-size: 12pt;\"><strong>8. Altera\u00e7\u00f5es \u00e0 Pol\u00edtica de Privacidade<\/strong><\/span><\/p>\n<p>A TRIA reserva-se ao direito de, a qualquer altura, proceder a ajustamentos ou altera\u00e7\u00f5es \u00e0 presente Pol\u00edtica, sendo tais altera\u00e7\u00f5es devidamente divulgadas no seu website. Para altera\u00e7\u00f5es significativas \u00e0 Politica de Privacidade, poderemos proceder \u00e0 notifica\u00e7\u00e3o atrav\u00e9s de diferentes canais, por exemplo, enviando-lhe diretamente uma notifica\u00e7\u00e3o.<\/p>\n<p><span style=\"font-size: 14pt;\"><strong>POL\u00cdTICA DE COOKIES<\/strong><\/span><\/p>\n<p><span style=\"font-size: 12pt;\"><strong>1. O que \u00e9 um Cookie?<\/strong><\/span><\/p>\n<p>Os cookies s\u00e3o pequenos ficheiros de texto que permitem identificar o utilizador todas as vezes que aceder atrav\u00e9s de qualquer dispositivo inform\u00e1tico associados ao mesmo utilizador.<br \/>\nEsses ficheiros de texto s\u00e3o armazenados nos dispositivos inform\u00e1ticos que utilizar para navegar nas nossas p\u00e1ginas web, pelo que ajudar\u00e3o as marcas da TRIA a melhorar continuamente as suas intera\u00e7\u00f5es nas nossas p\u00e1ginas web. Este tipo de informa\u00e7\u00e3o n\u00e3o ter\u00e1 qualquer influ\u00eancia no funcionamento dos seus dispositivos, bem como s\u00f3 permitir\u00e1 o aumento da efici\u00eancia da navega\u00e7\u00e3o nos websites.<\/p>\n<p><span style=\"font-size: 12pt;\"><strong>2. Para que s\u00e3o utilizados os Cookies neste website?<\/strong><\/span><\/p>\n<p>Os Cookies presentes neste website ser\u00e3o apenas utilizados com vista \u00e0 melhoria cont\u00ednua da interface e da navega\u00e7\u00e3o desta p\u00e1gina web, bem como orientar o utilizador nas pr\u00f3ximas visitas ao monitorizar quais s\u00e3o as suas prefer\u00eancias. Atrav\u00e9s dos Cookies s\u00e3o ainda constru\u00eddos perfis de utilizadores, com base em estimativas e padr\u00f5es de utiliza\u00e7\u00e3o.<\/p>\n<p><span style=\"font-size: 12pt;\"><strong>3. Quem utiliza a informa\u00e7\u00e3o armazenada nos Cookies?<\/strong><\/span><\/p>\n<p>A TRIA e empresas externas poder\u00e3o armazenar os <em>cookies<\/em> de forma permanente, apenas para a finalidade estipulada no ponto anterior.<\/p>\n<p><span style=\"font-size: 12pt;\"><strong>4. Como desativar e prevenir a utiliza\u00e7\u00e3o de Cookies?<\/strong><\/span><\/p>\n<p>Caso n\u00e3o queira ser monitorizado pelas cookies, dever\u00e1 desativar a permiss\u00e3o da utiliza\u00e7\u00e3o das mesmas no seu browser, podendo bloquear ou permitir a utiliza\u00e7\u00e3o dos Cookies a qualquer momento. Atrav\u00e9s das ferramentas dos diferentes browsers poder\u00e1, ainda, eliminar os Cookies j\u00e1 recolhidos e armazenados anteriormente.<\/p>\n<p><span style=\"font-size: 12pt;\"><strong>Altera\u00e7\u00f5es \u00e0 pol\u00edtica de privacidade<\/strong><\/span><br \/>\nA TRIA reserva-se ao direito de, a qualquer altura, proceder a ajustamentos ou altera\u00e7\u00f5es \u00e0 presente &#8220;Pol\u00edtica de Privacidade&#8221;, sendo tais altera\u00e7\u00f5es devidamente divulgadas no seu website.<\/p>\n","protected":false},"excerpt":{"rendered":"<p>\u00cdndice POL\u00cdTICA DE PRIVACIDADE E PROTE\u00c7\u00c3O DE DADOS PESSOAIS\u00a0 1. O que s\u00e3o Dados&#8230;<\/p>\n","protected":false},"author":1,"featured_media":0,"parent":0,"menu_order":0,"comment_status":"closed","ping_status":"closed","template":"","meta":{"inline_featured_image":false,"footnotes":""},"class_list":["post-5677488","page","type-page","status-publish","hentry"],"acf":[],"yoast_head":"<!-- This site is optimized with the Yoast SEO plugin v24.3 - https:\/\/yoast.com\/wordpress\/plugins\/seo\/ -->\n<title>Pol\u00edtica de Privacidade - TRIA<\/title>\n<meta name=\"robots\" content=\"index, follow, max-snippet:-1, max-image-preview:large, max-video-preview:-1\" \/>\n<link rel=\"canonical\" href=\"https:\/\/www.tria.pt\/pt\/privacy-policy\/\" \/>\n<meta property=\"og:locale\" content=\"pt_PT\" \/>\n<meta property=\"og:type\" content=\"article\" \/>\n<meta property=\"og:title\" content=\"Pol\u00edtica de Privacidade - TRIA\" \/>\n<meta property=\"og:description\" content=\"\u00cdndice POL\u00cdTICA DE PRIVACIDADE E PROTE\u00c7\u00c3O DE DADOS PESSOAIS\u00a0 1. O que s\u00e3o Dados...\" \/>\n<meta property=\"og:url\" content=\"https:\/\/www.tria.pt\/pt\/privacy-policy\/\" \/>\n<meta property=\"og:site_name\" content=\"TRIA\" \/>\n<meta property=\"article:modified_time\" content=\"2022-03-22T14:43:20+00:00\" \/>\n<meta name=\"twitter:card\" content=\"summary_large_image\" \/>\n<meta name=\"twitter:label1\" content=\"Est. reading time\" \/>\n\t<meta name=\"twitter:data1\" content=\"9 minutes\" \/>\n<script type=\"application\/ld+json\" class=\"yoast-schema-graph\">{\"@context\":\"https:\/\/schema.org\",\"@graph\":[{\"@type\":\"WebPage\",\"@id\":\"https:\/\/www.tria.pt\/pt\/privacy-policy\/\",\"url\":\"https:\/\/www.tria.pt\/pt\/privacy-policy\/\",\"name\":\"Pol\u00edtica de Privacidade - TRIA\",\"isPartOf\":{\"@id\":\"https:\/\/www.tria.pt\/pt\/#website\"},\"datePublished\":\"2019-04-22T07:12:59+00:00\",\"dateModified\":\"2022-03-22T14:43:20+00:00\",\"breadcrumb\":{\"@id\":\"https:\/\/www.tria.pt\/pt\/privacy-policy\/#breadcrumb\"},\"inLanguage\":\"pt\",\"potentialAction\":[{\"@type\":\"ReadAction\",\"target\":[\"https:\/\/www.tria.pt\/pt\/privacy-policy\/\"]}]},{\"@type\":\"BreadcrumbList\",\"@id\":\"https:\/\/www.tria.pt\/pt\/privacy-policy\/#breadcrumb\",\"itemListElement\":[{\"@type\":\"ListItem\",\"position\":1,\"name\":\"Home\",\"item\":\"https:\/\/www.tria.pt\/pt\/\"},{\"@type\":\"ListItem\",\"position\":2,\"name\":\"Pol\u00edtica de Privacidade\"}]},{\"@type\":\"WebSite\",\"@id\":\"https:\/\/www.tria.pt\/pt\/#website\",\"url\":\"https:\/\/www.tria.pt\/pt\/\",\"name\":\"TRIA\",\"description\":\"Passive Fire Protection and Thermoresistant Solutions\",\"potentialAction\":[{\"@type\":\"SearchAction\",\"target\":{\"@type\":\"EntryPoint\",\"urlTemplate\":\"https:\/\/www.tria.pt\/pt\/?s={search_term_string}\"},\"query-input\":{\"@type\":\"PropertyValueSpecification\",\"valueRequired\":true,\"valueName\":\"search_term_string\"}}],\"inLanguage\":\"pt\"}]}<\/script>\n<!-- \/ Yoast SEO plugin. -->","yoast_head_json":{"title":"Pol\u00edtica de Privacidade - TRIA","robots":{"index":"index","follow":"follow","max-snippet":"max-snippet:-1","max-image-preview":"max-image-preview:large","max-video-preview":"max-video-preview:-1"},"canonical":"https:\/\/www.tria.pt\/pt\/privacy-policy\/","og_locale":"pt_PT","og_type":"article","og_title":"Pol\u00edtica de Privacidade - TRIA","og_description":"\u00cdndice POL\u00cdTICA DE PRIVACIDADE E PROTE\u00c7\u00c3O DE DADOS PESSOAIS\u00a0 1. O que s\u00e3o Dados...","og_url":"https:\/\/www.tria.pt\/pt\/privacy-policy\/","og_site_name":"TRIA","article_modified_time":"2022-03-22T14:43:20+00:00","twitter_card":"summary_large_image","twitter_misc":{"Est. reading time":"9 minutes"},"schema":{"@context":"https:\/\/schema.org","@graph":[{"@type":"WebPage","@id":"https:\/\/www.tria.pt\/pt\/privacy-policy\/","url":"https:\/\/www.tria.pt\/pt\/privacy-policy\/","name":"Pol\u00edtica de Privacidade - TRIA","isPartOf":{"@id":"https:\/\/www.tria.pt\/pt\/#website"},"datePublished":"2019-04-22T07:12:59+00:00","dateModified":"2022-03-22T14:43:20+00:00","breadcrumb":{"@id":"https:\/\/www.tria.pt\/pt\/privacy-policy\/#breadcrumb"},"inLanguage":"pt","potentialAction":[{"@type":"ReadAction","target":["https:\/\/www.tria.pt\/pt\/privacy-policy\/"]}]},{"@type":"BreadcrumbList","@id":"https:\/\/www.tria.pt\/pt\/privacy-policy\/#breadcrumb","itemListElement":[{"@type":"ListItem","position":1,"name":"Home","item":"https:\/\/www.tria.pt\/pt\/"},{"@type":"ListItem","position":2,"name":"Pol\u00edtica de Privacidade"}]},{"@type":"WebSite","@id":"https:\/\/www.tria.pt\/pt\/#website","url":"https:\/\/www.tria.pt\/pt\/","name":"TRIA","description":"Passive Fire Protection and Thermoresistant Solutions","potentialAction":[{"@type":"SearchAction","target":{"@type":"EntryPoint","urlTemplate":"https:\/\/www.tria.pt\/pt\/?s={search_term_string}"},"query-input":{"@type":"PropertyValueSpecification","valueRequired":true,"valueName":"search_term_string"}}],"inLanguage":"pt"}]}},"_links":{"self":[{"href":"https:\/\/www.tria.pt\/pt\/wp-json\/wp\/v2\/pages\/5677488"}],"collection":[{"href":"https:\/\/www.tria.pt\/pt\/wp-json\/wp\/v2\/pages"}],"about":[{"href":"https:\/\/www.tria.pt\/pt\/wp-json\/wp\/v2\/types\/page"}],"author":[{"embeddable":true,"href":"https:\/\/www.tria.pt\/pt\/wp-json\/wp\/v2\/users\/1"}],"replies":[{"embeddable":true,"href":"https:\/\/www.tria.pt\/pt\/wp-json\/wp\/v2\/comments?post=5677488"}],"version-history":[{"count":10,"href":"https:\/\/www.tria.pt\/pt\/wp-json\/wp\/v2\/pages\/5677488\/revisions"}],"predecessor-version":[{"id":5683831,"href":"https:\/\/www.tria.pt\/pt\/wp-json\/wp\/v2\/pages\/5677488\/revisions\/5683831"}],"wp:attachment":[{"href":"https:\/\/www.tria.pt\/pt\/wp-json\/wp\/v2\/media?parent=5677488"}],"curies":[{"name":"wp","href":"https:\/\/api.w.org\/{rel}","templated":true}]}}