{"id":5676056,"date":"2019-03-20T09:17:18","date_gmt":"2019-03-20T09:17:18","guid":{"rendered":"http:\/\/dev-centiva.com\/tria?page_id=5676056"},"modified":"2019-03-20T09:18:58","modified_gmt":"2019-03-20T09:18:58","slug":"ventilacao-e-renovacao-de-ar","status":"publish","type":"page","link":"https:\/\/www.tria.pt\/pt\/ventilacao-e-renovacao-de-ar\/","title":{"rendered":"Ventila\u00e7\u00e3o e Renova\u00e7\u00e3o de Ar"},"content":{"rendered":"[vc_row][vc_column]<div data-norebro-portfolio-grid=\"true\"\n\tid=\"norebro-custom-69d0b4c0aa93a\"\n\tclass=\"norebro-recent-projects-sc\"\n\t data-aos=\"fade-up\"\t>\n\n\t\t\t\t\t<div class=\"portfolio-sorting text-left\" data-filter=\"portfolio\">\n\t\t\t<ul class=\"unstyled\">\n\t\t\t\t<li>\n\t\t\t\t\t<a class=\"active\" href=\"#all\" data-isotope-filter=\"*\">\n\t\t\t\t\t\t<span class=\"name\">All<\/span>\n\t\t\t\t\t\t<span class=\"num\"><\/span>\n\t\t\t\t\t<\/a>\n\t\t\t\t<\/li>\n\t\t\t\t\t\t\t\t\t<li>\n\t\t\t\t\t\t<a href=\"#ventilacao-e-renovacao-de-ar\" data-isotope-filter=\".norebro-filter-project-83fb71d5a3c15e2003c147d8ce1e6b8c\">\n\t\t\t\t\t\t\t<span class=\"name\">Ventila\u00e7\u00e3o e Renova\u00e7\u00e3o de Ar<\/span>\n\t\t\t\t\t\t\t<span class=\"num\"><\/span>\n\t\t\t\t\t\t<\/a>\n\t\t\t\t\t<\/li>\n\t\t\t\t\t\t\t<\/ul>\n\t\t<\/div>\n\t\t\t\n\t\n\t<div class=\"vc_row  with-sorting\" data-isotope-grid=\"true\" data-lazy-container=\"projects\">\n\n\t\t\n\t\t\t\t<div class=\"portfolio-item-wrap masonry-block grid-item vc_col-lg-4 vc_col-md-4 vc_col-sm-6 vc_col-xs-12 norebro-project-item norebro-filter-project-83fb71d5a3c15e2003c147d8ce1e6b8c\" data-lazy-item=\"\" data-lazy-scope=\"projects\"><div data-aos-once=\"true\" data-aos=\"fade-up\" data-aos-delay=\"0\">\n<div class=\"portfolio-item grid-1 hover-2\">\n\t<a href=\"https:\/\/www.tria.pt\/pt\/project\/reducao-pvc\/\">\n\t\t<div class=\"image-wrap\"\n\t\t>\n\t\t\t\t\t\t\t<img decoding=\"async\" src=\"https:\/\/www.tria.pt\/wp-content\/uploads\/2021\/09\/reducao-pvc.jpg\" alt=\"Redu\u00e7\u00e3o PVC\">\n\t\t\t\t\t<\/div>\n\t\t<div class=\"description overlay\">\n\t\t\t\n\t\t\t\t\t\t\t\t\t\t\t\t\t\t\t\t\t\t\t<span class=\"category\">Ventila\u00e7\u00e3o e Renova\u00e7\u00e3o de Ar<\/span>\n\t\t\t\t\t\t\t\t\t\t\n\t\t\t<h4 class=\"title\">Redu\u00e7\u00e3o PVC<\/h4>\n\t\t\t\n\t\t\t<!--Centiva start-->\n\t\t\t\t\t\t<!--Centiva end-->\n\t\t\t\n\t\t\t\n\t\t\t\n\t\t\t\t\t\t<div class=\"more brand-color\">\n\t\t\t\t<span class=\"ion-ios-plus-empty\"><\/span>\n\t\t\t<\/div>\n\t\t\t\t\t<\/div>\n\t<\/a>\n<\/div><\/div>\t\t\t<div class=\"clear\"><\/div>\n\t\t<\/div>\n\t\t\t<div class=\"portfolio-item-wrap masonry-block grid-item vc_col-lg-4 vc_col-md-4 vc_col-sm-6 vc_col-xs-12 norebro-project-item norebro-filter-project-83fb71d5a3c15e2003c147d8ce1e6b8c\" data-lazy-item=\"\" data-lazy-scope=\"projects\"><div data-aos-once=\"true\" data-aos=\"fade-up\" data-aos-delay=\"100\">\n<div class=\"portfolio-item grid-1 hover-2\">\n\t<a href=\"https:\/\/www.tria.pt\/pt\/project\/fita-adesiva-p-condutas-pvc\/\">\n\t\t<div class=\"image-wrap\"\n\t\t>\n\t\t\t\t\t\t\t<img decoding=\"async\" src=\"https:\/\/www.tria.pt\/wp-content\/uploads\/2021\/09\/fita-adesiva-pvc.jpg\" alt=\"Fita Adesiva p\/ condutas PVC\">\n\t\t\t\t\t<\/div>\n\t\t<div class=\"description overlay\">\n\t\t\t\n\t\t\t\t\t\t\t\t\t\t\t\t\t\t\t\t\t\t\t<span class=\"category\">Ventila\u00e7\u00e3o e Renova\u00e7\u00e3o de Ar<\/span>\n\t\t\t\t\t\t\t\t\t\t\n\t\t\t<h4 class=\"title\">Fita Adesiva p\/ condutas PVC<\/h4>\n\t\t\t\n\t\t\t<!--Centiva start-->\n\t\t\t\t\t\t<!--Centiva end-->\n\t\t\t\n\t\t\t\n\t\t\t\n\t\t\t\t\t\t<div class=\"more brand-color\">\n\t\t\t\t<span class=\"ion-ios-plus-empty\"><\/span>\n\t\t\t<\/div>\n\t\t\t\t\t<\/div>\n\t<\/a>\n<\/div><\/div>\t\t\t<div class=\"clear\"><\/div>\n\t\t<\/div>\n\t\t\t<div class=\"portfolio-item-wrap masonry-block grid-item vc_col-lg-4 vc_col-md-4 vc_col-sm-6 vc_col-xs-12 norebro-project-item norebro-filter-project-83fb71d5a3c15e2003c147d8ce1e6b8c\" data-lazy-item=\"\" data-lazy-scope=\"projects\"><div data-aos-once=\"true\" data-aos=\"fade-up\" data-aos-delay=\"250\">\n<div class=\"portfolio-item grid-1 hover-2\">\n\t<a href=\"https:\/\/www.tria.pt\/pt\/project\/kit-vmc-evia-higrovariavel\/\">\n\t\t<div class=\"image-wrap\"\n\t\t>\n\t\t\t\t\t\t\t<img decoding=\"async\" src=\"https:\/\/www.tria.pt\/wp-content\/uploads\/stylair_web.jpg\" alt=\"Kit VMC STYLAIR Baixo Consumo\">\n\t\t\t\t\t<\/div>\n\t\t<div class=\"description overlay\">\n\t\t\t\n\t\t\t\t\t\t\t\t\t\t\t\t\t\t\t\t\t\t\t<span class=\"category\">Ventila\u00e7\u00e3o e Renova\u00e7\u00e3o de Ar<\/span>\n\t\t\t\t\t\t\t\t\t\t\n\t\t\t<h4 class=\"title\">Kit VMC STYLAIR Baixo Consumo<\/h4>\n\t\t\t\n\t\t\t<!--Centiva start-->\n\t\t\t\t\t\t<!--Centiva end-->\n\t\t\t\n\t\t\t\n\t\t\t\n\t\t\t\t\t\t<div class=\"more brand-color\">\n\t\t\t\t<span class=\"ion-ios-plus-empty\"><\/span>\n\t\t\t<\/div>\n\t\t\t\t\t<\/div>\n\t<\/a>\n<\/div><\/div>\t\t\t<div class=\"clear\"><\/div>\n\t\t<\/div>\n\t\t\t<div class=\"portfolio-item-wrap masonry-block grid-item vc_col-lg-4 vc_col-md-4 vc_col-sm-6 vc_col-xs-12 norebro-project-item norebro-filter-project-83fb71d5a3c15e2003c147d8ce1e6b8c\" data-lazy-item=\"\" data-lazy-scope=\"projects\"><div data-aos-once=\"true\" data-aos=\"fade-up\" data-aos-delay=\"0\">\n<div class=\"portfolio-item grid-1 hover-2\">\n\t<a href=\"https:\/\/www.tria.pt\/pt\/project\/kit-vmc-duplo-fluxo-nexair\/\">\n\t\t<div class=\"image-wrap\"\n\t\t>\n\t\t\t\t\t\t\t<img decoding=\"async\" src=\"https:\/\/www.tria.pt\/wp-content\/uploads\/twinair_web.jpg\" alt=\"Kit VMC Duplo Fluxo TWINAIR\">\n\t\t\t\t\t<\/div>\n\t\t<div class=\"description overlay\">\n\t\t\t\n\t\t\t\t\t\t\t\t\t\t\t\t\t\t\t\t\t\t\t<span class=\"category\">Ventila\u00e7\u00e3o e Renova\u00e7\u00e3o de Ar<\/span>\n\t\t\t\t\t\t\t\t\t\t\n\t\t\t<h4 class=\"title\">Kit VMC Duplo Fluxo TWINAIR<\/h4>\n\t\t\t\n\t\t\t<!--Centiva start-->\n\t\t\t\t\t\t<!--Centiva end-->\n\t\t\t\n\t\t\t\n\t\t\t\n\t\t\t\t\t\t<div class=\"more brand-color\">\n\t\t\t\t<span class=\"ion-ios-plus-empty\"><\/span>\n\t\t\t<\/div>\n\t\t\t\t\t<\/div>\n\t<\/a>\n<\/div><\/div>\t\t\t<div class=\"clear\"><\/div>\n\t\t<\/div>\n\t\t\t<div class=\"portfolio-item-wrap masonry-block grid-item vc_col-lg-4 vc_col-md-4 vc_col-sm-6 vc_col-xs-12 norebro-project-item norebro-filter-project-83fb71d5a3c15e2003c147d8ce1e6b8c\" data-lazy-item=\"\" data-lazy-scope=\"projects\"><div data-aos-once=\"true\" data-aos=\"fade-up\" data-aos-delay=\"100\">\n<div class=\"portfolio-item grid-1 hover-2\">\n\t<a href=\"https:\/\/www.tria.pt\/pt\/project\/tubo-flexivel-pvc-isolado\/\">\n\t\t<div class=\"image-wrap\"\n\t\t>\n\t\t\t\t\t\t\t<img decoding=\"async\" src=\"https:\/\/www.tria.pt\/wp-content\/uploads\/2019\/03\/TUBO-PVC-ISOLADO.jpg\" alt=\"Tubo Flex\u00edvel PVC Isolado\">\n\t\t\t\t\t<\/div>\n\t\t<div class=\"description overlay\">\n\t\t\t\n\t\t\t\t\t\t\t\t\t\t\t\t\t\t\t\t\t\t\t<span class=\"category\">Ventila\u00e7\u00e3o e Renova\u00e7\u00e3o de Ar<\/span>\n\t\t\t\t\t\t\t\t\t\t\n\t\t\t<h4 class=\"title\">Tubo Flex\u00edvel PVC Isolado<\/h4>\n\t\t\t\n\t\t\t<!--Centiva start-->\n\t\t\t\t\t\t<!--Centiva end-->\n\t\t\t\n\t\t\t\n\t\t\t\n\t\t\t\t\t\t<div class=\"more brand-color\">\n\t\t\t\t<span class=\"ion-ios-plus-empty\"><\/span>\n\t\t\t<\/div>\n\t\t\t\t\t<\/div>\n\t<\/a>\n<\/div><\/div>\t\t\t<div class=\"clear\"><\/div>\n\t\t<\/div>\n\t\t\t<div class=\"portfolio-item-wrap masonry-block grid-item vc_col-lg-4 vc_col-md-4 vc_col-sm-6 vc_col-xs-12 norebro-project-item norebro-filter-project-83fb71d5a3c15e2003c147d8ce1e6b8c\" data-lazy-item=\"\" data-lazy-scope=\"projects\"><div data-aos-once=\"true\" data-aos=\"fade-up\" data-aos-delay=\"250\">\n<div class=\"portfolio-item grid-1 hover-2\">\n\t<a href=\"https:\/\/www.tria.pt\/pt\/project\/tubo-flexivel-pvc\/\">\n\t\t<div class=\"image-wrap\"\n\t\t>\n\t\t\t\t\t\t\t<img decoding=\"async\" src=\"https:\/\/www.tria.pt\/wp-content\/uploads\/2019\/03\/TUBO-PVC.jpg\" alt=\"Tubo Flex\u00edvel PVC\">\n\t\t\t\t\t<\/div>\n\t\t<div class=\"description overlay\">\n\t\t\t\n\t\t\t\t\t\t\t\t\t\t\t\t\t\t\t\t\t\t\t<span class=\"category\">Ventila\u00e7\u00e3o e Renova\u00e7\u00e3o de Ar<\/span>\n\t\t\t\t\t\t\t\t\t\t\n\t\t\t<h4 class=\"title\">Tubo Flex\u00edvel PVC<\/h4>\n\t\t\t\n\t\t\t<!--Centiva start-->\n\t\t\t\t\t\t<!--Centiva end-->\n\t\t\t\n\t\t\t\n\t\t\t\n\t\t\t\t\t\t<div class=\"more brand-color\">\n\t\t\t\t<span class=\"ion-ios-plus-empty\"><\/span>\n\t\t\t<\/div>\n\t\t\t\t\t<\/div>\n\t<\/a>\n<\/div><\/div>\t\t\t<div class=\"clear\"><\/div>\n\t\t<\/div>\n\t\t\t<div class=\"portfolio-item-wrap masonry-block grid-item vc_col-lg-4 vc_col-md-4 vc_col-sm-6 vc_col-xs-12 norebro-project-item norebro-filter-project-83fb71d5a3c15e2003c147d8ce1e6b8c\" data-lazy-item=\"\" data-lazy-scope=\"projects\"><div data-aos-once=\"true\" data-aos=\"fade-up\" data-aos-delay=\"0\">\n<div class=\"portfolio-item grid-1 hover-2\">\n\t<a href=\"https:\/\/www.tria.pt\/pt\/project\/chapeu-de-cobertura\/\">\n\t\t<div class=\"image-wrap\"\n\t\t>\n\t\t\t\t\t\t\t<img decoding=\"async\" src=\"https:\/\/www.tria.pt\/wp-content\/uploads\/2019\/03\/CHAP\u00c9U-DE-COBERTURA.jpg\" alt=\"Chap\u00e9u de Cobertura\">\n\t\t\t\t\t<\/div>\n\t\t<div class=\"description overlay\">\n\t\t\t\n\t\t\t\t\t\t\t\t\t\t\t\t\t\t\t\t\t\t\t<span class=\"category\">Ventila\u00e7\u00e3o e Renova\u00e7\u00e3o de Ar<\/span>\n\t\t\t\t\t\t\t\t\t\t\n\t\t\t<h4 class=\"title\">Chap\u00e9u de Cobertura<\/h4>\n\t\t\t\n\t\t\t<!--Centiva start-->\n\t\t\t\t\t\t<!--Centiva end-->\n\t\t\t\n\t\t\t\n\t\t\t\n\t\t\t\t\t\t<div class=\"more brand-color\">\n\t\t\t\t<span class=\"ion-ios-plus-empty\"><\/span>\n\t\t\t<\/div>\n\t\t\t\t\t<\/div>\n\t<\/a>\n<\/div><\/div>\t\t\t<div class=\"clear\"><\/div>\n\t\t<\/div>\n\t\t\t<div class=\"portfolio-item-wrap masonry-block grid-item vc_col-lg-4 vc_col-md-4 vc_col-sm-6 vc_col-xs-12 norebro-project-item norebro-filter-project-83fb71d5a3c15e2003c147d8ce1e6b8c\" data-lazy-item=\"\" data-lazy-scope=\"projects\"><div data-aos-once=\"true\" data-aos=\"fade-up\" data-aos-delay=\"100\">\n<div class=\"portfolio-item grid-1 hover-2\">\n\t<a href=\"https:\/\/www.tria.pt\/pt\/project\/comutador-de-2-velocidades\/\">\n\t\t<div class=\"image-wrap\"\n\t\t>\n\t\t\t\t\t\t\t<img decoding=\"async\" src=\"https:\/\/www.tria.pt\/wp-content\/uploads\/2019\/03\/COMUTADOR-2-VELOCIDADES.jpg\" alt=\"Comutador de 2 velocidades\">\n\t\t\t\t\t<\/div>\n\t\t<div class=\"description overlay\">\n\t\t\t\n\t\t\t\t\t\t\t\t\t\t\t\t\t\t\t\t\t\t\t<span class=\"category\">Ventila\u00e7\u00e3o e Renova\u00e7\u00e3o de Ar<\/span>\n\t\t\t\t\t\t\t\t\t\t\n\t\t\t<h4 class=\"title\">Comutador de 2 velocidades<\/h4>\n\t\t\t\n\t\t\t<!--Centiva start-->\n\t\t\t\t\t\t<!--Centiva end-->\n\t\t\t\n\t\t\t\n\t\t\t\n\t\t\t\t\t\t<div class=\"more brand-color\">\n\t\t\t\t<span class=\"ion-ios-plus-empty\"><\/span>\n\t\t\t<\/div>\n\t\t\t\t\t<\/div>\n\t<\/a>\n<\/div><\/div>\t\t\t<div class=\"clear\"><\/div>\n\t\t<\/div>\n\t\t\t<div class=\"portfolio-item-wrap masonry-block grid-item vc_col-lg-4 vc_col-md-4 vc_col-sm-6 vc_col-xs-12 norebro-project-item norebro-filter-project-83fb71d5a3c15e2003c147d8ce1e6b8c\" data-lazy-item=\"\" data-lazy-scope=\"projects\"><div data-aos-once=\"true\" data-aos=\"fade-up\" data-aos-delay=\"250\">\n<div class=\"portfolio-item grid-1 hover-2\">\n\t<a href=\"https:\/\/www.tria.pt\/pt\/project\/entrada-de-ar-auto-regulavel\/\">\n\t\t<div class=\"image-wrap\"\n\t\t>\n\t\t\t\t\t\t\t<img decoding=\"async\" src=\"https:\/\/www.tria.pt\/wp-content\/uploads\/2019\/03\/ENTRADA-DE-AR-AUTO-REGUL\u00c1VEL.jpg\" alt=\"Entrada de Ar Auto-Regul\u00e1vel\">\n\t\t\t\t\t<\/div>\n\t\t<div class=\"description overlay\">\n\t\t\t\n\t\t\t\t\t\t\t\t\t\t\t\t\t\t\t\t\t\t\t<span class=\"category\">Ventila\u00e7\u00e3o e Renova\u00e7\u00e3o de Ar<\/span>\n\t\t\t\t\t\t\t\t\t\t\n\t\t\t<h4 class=\"title\">Entrada de Ar Auto-Regul\u00e1vel<\/h4>\n\t\t\t\n\t\t\t<!--Centiva start-->\n\t\t\t\t\t\t<!--Centiva end-->\n\t\t\t\n\t\t\t\n\t\t\t\n\t\t\t\t\t\t<div class=\"more brand-color\">\n\t\t\t\t<span class=\"ion-ios-plus-empty\"><\/span>\n\t\t\t<\/div>\n\t\t\t\t\t<\/div>\n\t<\/a>\n<\/div><\/div>\t\t\t<div class=\"clear\"><\/div>\n\t\t<\/div>\n\t\t\t<div class=\"portfolio-item-wrap masonry-block grid-item vc_col-lg-4 vc_col-md-4 vc_col-sm-6 vc_col-xs-12 norebro-project-item norebro-filter-project-83fb71d5a3c15e2003c147d8ce1e6b8c\" data-lazy-item=\"\" data-lazy-scope=\"projects\"><div data-aos-once=\"true\" data-aos=\"fade-up\" data-aos-delay=\"0\">\n<div class=\"portfolio-item grid-1 hover-2\">\n\t<a href=\"https:\/\/www.tria.pt\/pt\/project\/vmc-standard-air-axial\/\">\n\t\t<div class=\"image-wrap\"\n\t\t>\n\t\t\t\t\t\t\t<img decoding=\"async\" src=\"https:\/\/www.tria.pt\/wp-content\/uploads\/2019\/03\/KIT-VMC-SIMPLES-FLUXO-AIR-AXIAL.jpg\" alt=\"Kit VMC Standard Air Axial\">\n\t\t\t\t\t<\/div>\n\t\t<div class=\"description overlay\">\n\t\t\t\n\t\t\t\t\t\t\t\t\t\t\t\t\t\t\t\t\t\t\t<span class=\"category\">Ventila\u00e7\u00e3o e Renova\u00e7\u00e3o de Ar<\/span>\n\t\t\t\t\t\t\t\t\t\t\n\t\t\t<h4 class=\"title\">Kit VMC Standard Air Axial<\/h4>\n\t\t\t\n\t\t\t<!--Centiva start-->\n\t\t\t\t\t\t<!--Centiva end-->\n\t\t\t\n\t\t\t\n\t\t\t\n\t\t\t\t\t\t<div class=\"more brand-color\">\n\t\t\t\t<span class=\"ion-ios-plus-empty\"><\/span>\n\t\t\t<\/div>\n\t\t\t\t\t<\/div>\n\t<\/a>\n<\/div><\/div>\t\t\t<div class=\"clear\"><\/div>\n\t\t<\/div>\n\t\t\t<div class=\"portfolio-item-wrap masonry-block grid-item vc_col-lg-4 vc_col-md-4 vc_col-sm-6 vc_col-xs-12 norebro-project-item norebro-filter-project-83fb71d5a3c15e2003c147d8ce1e6b8c\" data-lazy-item=\"\" data-lazy-scope=\"projects\"><div data-aos-once=\"true\" data-aos=\"fade-up\" data-aos-delay=\"100\">\n<div class=\"portfolio-item grid-1 hover-2\">\n\t<a href=\"https:\/\/www.tria.pt\/pt\/project\/vmc-duplo-fluxo\/\">\n\t\t<div class=\"image-wrap\"\n\t\t>\n\t\t\t\t\t\t\t<img decoding=\"async\" src=\"https:\/\/www.tria.pt\/wp-content\/uploads\/iseo_web.jpg\" alt=\"Kit VMC HR ISEO Duplo Fluxo\">\n\t\t\t\t\t<\/div>\n\t\t<div class=\"description overlay\">\n\t\t\t\n\t\t\t\t\t\t\t\t\t\t\t\t\t\t\t\t\t\t\t<span class=\"category\">Ventila\u00e7\u00e3o e Renova\u00e7\u00e3o de Ar<\/span>\n\t\t\t\t\t\t\t\t\t\t\n\t\t\t<h4 class=\"title\">Kit VMC HR ISEO Duplo Fluxo<\/h4>\n\t\t\t\n\t\t\t<!--Centiva start-->\n\t\t\t\t\t\t<!--Centiva end-->\n\t\t\t\n\t\t\t\n\t\t\t\n\t\t\t\t\t\t<div class=\"more brand-color\">\n\t\t\t\t<span class=\"ion-ios-plus-empty\"><\/span>\n\t\t\t<\/div>\n\t\t\t\t\t<\/div>\n\t<\/a>\n<\/div><\/div>\t\t\t<div class=\"clear\"><\/div>\n\t\t<\/div>\n\t\t<\/div>\n\n\t<div class=\"lazy-load load-more font-titles\" data-lazy-load=\"click\" data-lazy-pages-count=\"1\" data-lazy-load-url-pattern=\"https:\/\/www.tria.pt\/pt\/wp-json\/wp\/v2\/pages\/5676056\/page\/{{page}}\/\" data-lazy-load-scope=\"projects\"><span class=\"loadmore-text\">Load More<\/span><span class=\"loading-text\">Loading<\/span><span class=\"icon ion-refresh\"><\/span><\/div>\n<\/div>\n[\/vc_column][\/vc_row]\n","protected":false},"excerpt":{"rendered":"<p>[vc_row][vc_column][\/vc_column][\/vc_row]<\/p>\n","protected":false},"author":1,"featured_media":0,"parent":0,"menu_order":0,"comment_status":"closed","ping_status":"closed","template":"","meta":{"inline_featured_image":false,"footnotes":""},"class_list":["post-5676056","page","type-page","status-publish","hentry"],"acf":[],"yoast_head":"<!-- This site is optimized with the Yoast SEO plugin v24.3 - https:\/\/yoast.com\/wordpress\/plugins\/seo\/ -->\n<title>Ventila\u00e7\u00e3o e Renova\u00e7\u00e3o de Ar - TRIA<\/title>\n<meta name=\"robots\" content=\"index, follow, max-snippet:-1, max-image-preview:large, max-video-preview:-1\" \/>\n<link rel=\"canonical\" href=\"https:\/\/www.tria.pt\/pt\/ventilacao-e-renovacao-de-ar\/\" \/>\n<meta property=\"og:locale\" content=\"pt_PT\" \/>\n<meta property=\"og:type\" content=\"article\" \/>\n<meta property=\"og:title\" content=\"Ventila\u00e7\u00e3o e Renova\u00e7\u00e3o de Ar - TRIA\" \/>\n<meta property=\"og:description\" content=\"[vc_row][vc_column][\/vc_column][\/vc_row]\" \/>\n<meta property=\"og:url\" content=\"https:\/\/www.tria.pt\/pt\/ventilacao-e-renovacao-de-ar\/\" \/>\n<meta property=\"og:site_name\" content=\"TRIA\" \/>\n<meta property=\"article:modified_time\" content=\"2019-03-20T09:18:58+00:00\" \/>\n<meta name=\"twitter:card\" content=\"summary_large_image\" \/>\n<script type=\"application\/ld+json\" class=\"yoast-schema-graph\">{\"@context\":\"https:\/\/schema.org\",\"@graph\":[{\"@type\":\"WebPage\",\"@id\":\"https:\/\/www.tria.pt\/pt\/ventilacao-e-renovacao-de-ar\/\",\"url\":\"https:\/\/www.tria.pt\/pt\/ventilacao-e-renovacao-de-ar\/\",\"name\":\"Ventila\u00e7\u00e3o e Renova\u00e7\u00e3o de Ar - TRIA\",\"isPartOf\":{\"@id\":\"https:\/\/www.tria.pt\/pt\/#website\"},\"datePublished\":\"2019-03-20T09:17:18+00:00\",\"dateModified\":\"2019-03-20T09:18:58+00:00\",\"breadcrumb\":{\"@id\":\"https:\/\/www.tria.pt\/pt\/ventilacao-e-renovacao-de-ar\/#breadcrumb\"},\"inLanguage\":\"pt\",\"potentialAction\":[{\"@type\":\"ReadAction\",\"target\":[\"https:\/\/www.tria.pt\/pt\/ventilacao-e-renovacao-de-ar\/\"]}]},{\"@type\":\"BreadcrumbList\",\"@id\":\"https:\/\/www.tria.pt\/pt\/ventilacao-e-renovacao-de-ar\/#breadcrumb\",\"itemListElement\":[{\"@type\":\"ListItem\",\"position\":1,\"name\":\"Home\",\"item\":\"https:\/\/www.tria.pt\/pt\/\"},{\"@type\":\"ListItem\",\"position\":2,\"name\":\"Ventila\u00e7\u00e3o e Renova\u00e7\u00e3o de Ar\"}]},{\"@type\":\"WebSite\",\"@id\":\"https:\/\/www.tria.pt\/pt\/#website\",\"url\":\"https:\/\/www.tria.pt\/pt\/\",\"name\":\"TRIA\",\"description\":\"Passive Fire Protection and Thermoresistant Solutions\",\"potentialAction\":[{\"@type\":\"SearchAction\",\"target\":{\"@type\":\"EntryPoint\",\"urlTemplate\":\"https:\/\/www.tria.pt\/pt\/?s={search_term_string}\"},\"query-input\":{\"@type\":\"PropertyValueSpecification\",\"valueRequired\":true,\"valueName\":\"search_term_string\"}}],\"inLanguage\":\"pt\"}]}<\/script>\n<!-- \/ Yoast SEO plugin. -->","yoast_head_json":{"title":"Ventila\u00e7\u00e3o e Renova\u00e7\u00e3o de Ar - TRIA","robots":{"index":"index","follow":"follow","max-snippet":"max-snippet:-1","max-image-preview":"max-image-preview:large","max-video-preview":"max-video-preview:-1"},"canonical":"https:\/\/www.tria.pt\/pt\/ventilacao-e-renovacao-de-ar\/","og_locale":"pt_PT","og_type":"article","og_title":"Ventila\u00e7\u00e3o e Renova\u00e7\u00e3o de Ar - TRIA","og_description":"[vc_row][vc_column][\/vc_column][\/vc_row]","og_url":"https:\/\/www.tria.pt\/pt\/ventilacao-e-renovacao-de-ar\/","og_site_name":"TRIA","article_modified_time":"2019-03-20T09:18:58+00:00","twitter_card":"summary_large_image","schema":{"@context":"https:\/\/schema.org","@graph":[{"@type":"WebPage","@id":"https:\/\/www.tria.pt\/pt\/ventilacao-e-renovacao-de-ar\/","url":"https:\/\/www.tria.pt\/pt\/ventilacao-e-renovacao-de-ar\/","name":"Ventila\u00e7\u00e3o e Renova\u00e7\u00e3o de Ar - TRIA","isPartOf":{"@id":"https:\/\/www.tria.pt\/pt\/#website"},"datePublished":"2019-03-20T09:17:18+00:00","dateModified":"2019-03-20T09:18:58+00:00","breadcrumb":{"@id":"https:\/\/www.tria.pt\/pt\/ventilacao-e-renovacao-de-ar\/#breadcrumb"},"inLanguage":"pt","potentialAction":[{"@type":"ReadAction","target":["https:\/\/www.tria.pt\/pt\/ventilacao-e-renovacao-de-ar\/"]}]},{"@type":"BreadcrumbList","@id":"https:\/\/www.tria.pt\/pt\/ventilacao-e-renovacao-de-ar\/#breadcrumb","itemListElement":[{"@type":"ListItem","position":1,"name":"Home","item":"https:\/\/www.tria.pt\/pt\/"},{"@type":"ListItem","position":2,"name":"Ventila\u00e7\u00e3o e Renova\u00e7\u00e3o de Ar"}]},{"@type":"WebSite","@id":"https:\/\/www.tria.pt\/pt\/#website","url":"https:\/\/www.tria.pt\/pt\/","name":"TRIA","description":"Passive Fire Protection and Thermoresistant Solutions","potentialAction":[{"@type":"SearchAction","target":{"@type":"EntryPoint","urlTemplate":"https:\/\/www.tria.pt\/pt\/?s={search_term_string}"},"query-input":{"@type":"PropertyValueSpecification","valueRequired":true,"valueName":"search_term_string"}}],"inLanguage":"pt"}]}},"_links":{"self":[{"href":"https:\/\/www.tria.pt\/pt\/wp-json\/wp\/v2\/pages\/5676056"}],"collection":[{"href":"https:\/\/www.tria.pt\/pt\/wp-json\/wp\/v2\/pages"}],"about":[{"href":"https:\/\/www.tria.pt\/pt\/wp-json\/wp\/v2\/types\/page"}],"author":[{"embeddable":true,"href":"https:\/\/www.tria.pt\/pt\/wp-json\/wp\/v2\/users\/1"}],"replies":[{"embeddable":true,"href":"https:\/\/www.tria.pt\/pt\/wp-json\/wp\/v2\/comments?post=5676056"}],"version-history":[{"count":2,"href":"https:\/\/www.tria.pt\/pt\/wp-json\/wp\/v2\/pages\/5676056\/revisions"}],"predecessor-version":[{"id":5676060,"href":"https:\/\/www.tria.pt\/pt\/wp-json\/wp\/v2\/pages\/5676056\/revisions\/5676060"}],"wp:attachment":[{"href":"https:\/\/www.tria.pt\/pt\/wp-json\/wp\/v2\/media?parent=5676056"}],"curies":[{"name":"wp","href":"https:\/\/api.w.org\/{rel}","templated":true}]}}