{"id":5674948,"date":"2019-03-01T12:54:48","date_gmt":"2019-03-01T12:54:48","guid":{"rendered":"http:\/\/dev-centiva.com\/tria?page_id=5674948"},"modified":"2019-03-27T10:17:19","modified_gmt":"2019-03-27T10:17:19","slug":"faqs","status":"publish","type":"page","link":"https:\/\/www.tria.pt\/pt\/faqs\/","title":{"rendered":"FAQ&#8217;s"},"content":{"rendered":"[vc_row][vc_column]<div class=\"norebro-accordion-s\u0441 accordion-box \" \n\tid=\"norebro-custom-69e531a96d263\"\n\tdata-norebro-accordion=\"0\"\n\t \n\t>\n\n\t<div id=\"1553681725280-25760800-9caf\" class=\"item hidden-tab-def\">\n\t\n\t<div class=\"title\">\n\t\t\t\t<h4>TRIA<\/h4>\n\t\t<div class=\"control\">\n\t\t\t<span class=\"ion-plus\"><\/span>\n\t\t<\/div>\n\t<\/div>\n\n\t<div class=\"content\">\n\t\t<div class=\"wrap\">\n\t\t\t<p>TRIA<\/p>\n\t\t<\/div>\n\t<\/div>\n\n<\/div><div id=\"1551444173993-99e727d3-fc14\" class=\"item\">\n\t\n\t<div class=\"title\">\n\t\t\t\t<h4>Em que consiste a resist\u00eancia ao fogo?<\/h4>\n\t\t<div class=\"control\">\n\t\t\t<span class=\"ion-plus\"><\/span>\n\t\t<\/div>\n\t<\/div>\n\n\t<div class=\"content\">\n\t\t<div class=\"wrap\">\n\t\t\t<p>A Resist\u00eancia ao Fogo pode definir-se como sendo o tempo (em minutos), durante o qual um determinado sistema construtivo mant\u00e9m, em condi\u00e7\u00f5es de fogo normalizado, as exig\u00eancias que lhe s\u00e3o solicitadas em termos de:<\/p>\n<ul>\n<li>Estabilidade\/capacidade portante; (para elementos estruturais)<\/li>\n<li>Aus\u00eancia de emiss\u00e3o de gases inflam\u00e1veis pela face n\u00e3o exposta ao fogo;<\/li>\n<li>Estanquidade \u00e0 passagem de chamas e gases quentes;<\/li>\n<li>Resist\u00eancia t\u00e9rmica suficiente para impedir que na face n\u00e3o exposta se alcancem temperaturas superiores \u00e0s estabelecidas pela Norma. (140\u00baC \u2013 m\u00e9dia ou 180\u00baC m\u00e1xima cima da temperatura inicial do ensaio).<\/li>\n<\/ul>\n<p>Segundo a legisla\u00e7\u00e3o atual a mesma defini\u00e7\u00e3o tem a seguinte reda\u00e7\u00e3o:<br \/>\n\u00abResist\u00eancia ao fogo\u00bb, propriedade de um elemento de constru\u00e7\u00e3o, ou de outros componentes de um edif\u00edcio, de conservar durante um per\u00edodo de tempo determinado a estabilidade e ou a estanquidade, isolamento t\u00e9rmico, resist\u00eancia mec\u00e2nica, ou qualquer outra fun\u00e7\u00e3o espec\u00edfica, quando sujeito ao processo de aquecimento resultante de um inc\u00eandio.<br \/>\n\u00abResist\u00eancia ao fogo padr\u00e3o\u00bb, resist\u00eancia ao fogo avaliada num ensaio com um programa t\u00e9rmico de fogo normalizado. Portaria n.\u00ba 1532\/2008<\/p>\n\t\t<\/div>\n\t<\/div>\n\n<\/div><div id=\"1551444174023-34604712-f1a5\" class=\"item\">\n\t\n\t<div class=\"title\">\n\t\t\t\t<h4>Quais as Classes de resist\u00eancia ao fogo?<\/h4>\n\t\t<div class=\"control\">\n\t\t\t<span class=\"ion-plus\"><\/span>\n\t\t<\/div>\n\t<\/div>\n\n\t<div class=\"content\">\n\t\t<div class=\"wrap\">\n\t\t\t<p><strong>Classe de resist\u00eancia ao fogo R<\/strong><br \/>\n<strong>R15; R30; R45; R60\u2026\u2026\u2026 R240<\/strong><br \/>\nAplica-se exclusivamente a elementos estruturais (estruturas met\u00e1licas, bet\u00e3o, mistas, madeira). \u00c9 uma classifica\u00e7\u00e3o que resulta dos ensaios de resist\u00eancia ao fogo de acordo com as normas europeias adequadas e, geralmente, \u00e9 refletida no relat\u00f3rio de classifica\u00e7\u00e3o, baseado nos resultados do ensaio, redigido pelo mesmo laborat\u00f3rio, de acordo com normas pr\u00f3prias europeias.<\/p>\n<p><strong>Classe de resist\u00eancia ao fogo E (anteriormente designada PC)<\/strong><br \/>\n<strong>E15; E30; E45; E60;\u2026\u2026 E240<\/strong><br \/>\nEsta classifica\u00e7\u00e3o expressa a capacidade do elemento de constru\u00e7\u00e3o, de n\u00e3o deixar passar, nem produzir no lado n\u00e3o exposto ao fogo, chamas ou gases inflam\u00e1veis.<br \/>\nA porta p\u00e1ra-chamas (E) dever\u00e1 ser, portanto, estanque a chamas e gases quentes.<br \/>\nNo decurso do ensaio normalizado de caracteriza\u00e7\u00e3o da resist\u00eancia ao fogo, a perda do requisito \u201cE\u201d ocorre sempre que se verifica uma das seguintes situa\u00e7\u00f5es:<br \/>\n1. abertura de fissuras, no modelo a ensaio, superiores \u00e0s dimens\u00f5es fixadas pela norma (EN 1363-1);<br \/>\n2. igni\u00e7\u00e3o de um peda\u00e7o de algod\u00e3o colocado a uma dist\u00e2ncia de 30 mm da face n\u00e3o exposta ao fogo, durante um m\u00e1ximo de 30 s (norma EN 1363-1);<br \/>\n3. presen\u00e7a de chama persistente na face n\u00e3o exposta ao fogo.<\/p>\n<p><strong>Classe de resist\u00eancia ao fogo EI (anteriormente designada CF)<\/strong><br \/>\n<strong>EI15; EI30; EI45; EI60;\u2026\u2026 EI240<\/strong><br \/>\nEsta classifica\u00e7\u00e3o ocorre quando no decurso do ensaio, o elemento cumpre os requisitos anteriores e tamb\u00e9m o requisito de isolamento t\u00e9rmico.<br \/>\nA porta corta-fogo (EI) dever\u00e1 resistir, sem deforma\u00e7\u00f5es significativas, durante o tempo para o qual foi classificada (estabilidade mec\u00e2nica), dever\u00e1 ser estanque a chamas e gases quentes (estanquidade) e dever\u00e1 isolar termicamente durante um per\u00edodo de tempo determinado (isolamento t\u00e9rmico).<br \/>\nO requisito de isolamento \u201cI\u201d (E+I = EI)<br \/>\nCapacidade do elemento de constru\u00e7\u00e3o de manter, na superf\u00edcie da face n\u00e3o exposta, uma temperatura m\u00e9dia n\u00e3o superior a 140\u00baC, acima da temperatura inicial do ensaio.<br \/>\nNo decurso do ensaio normalizado de caracteriza\u00e7\u00e3o da resist\u00eancia ao fogo, a perda do requisito \u201cI\u201d ocorre sempre que se verifica uma das seguintes situa\u00e7\u00f5es:<br \/>\n1. a face n\u00e3o exposta, ultrapassa 140\u00baC de temperatura m\u00e9dia ou 180\u00baC de temperatura pontual, acima da temperatura inicial do ensaio,<br \/>\n2. perda de qualquer dos requisitos para a classifica\u00e7\u00e3o E.<\/p>\n<p><strong>Classe de resist\u00eancia ao fogo EW<\/strong><br \/>\n<strong>EW15; EW20; EW30; EW60;\u2026\u2026 EW120<\/strong><br \/>\nO requisito de radia\u00e7\u00e3o \u201cW\u201d traduz a capacidade do elemento de constru\u00e7\u00e3o de reduzir a transmiss\u00e3o de calor por radia\u00e7\u00e3o.<br \/>\nNo decurso do ensaio normalizado de caracteriza\u00e7\u00e3o da resist\u00eancia ao fogo, a perda do requisito \u201cW\u201d ocorre sempre que se verifica uma das seguintes situa\u00e7\u00f5es:<br \/>\n1. a energia irradiada pelo elemento de constru\u00e7\u00e3o, ultrapassa 15kW\/m2<br \/>\n2.perda de qualquer dos requisitos para a classifica\u00e7\u00e3o E (PC).<\/p>\n<p>NOTA1 | O grau corta-fogo abrange todos os graus inferiores, incluindo os graus p\u00e1ra-chamas.<\/p>\n\t\t<\/div>\n\t<\/div>\n\n<\/div><div id=\"1551444547918-dd0ab3db-ad0d\" class=\"item\">\n\t\n\t<div class=\"title\">\n\t\t\t\t<h4>Em que diferem os processos de ensaio de resist\u00eancia ao fogo nas classifica\u00e7\u00f5es EI1 e EI2 ?<\/h4>\n\t\t<div class=\"control\">\n\t\t\t<span class=\"ion-plus\"><\/span>\n\t\t<\/div>\n\t<\/div>\n\n\t<div class=\"content\">\n\t\t<div class=\"wrap\">\n\t\t\t<p>I1\u2013 Os termopares que s\u00e3o colocados na folha dever\u00e3o estar a 25mm da folga (entre aro e folha) e os que s\u00e3o colocados no aro dever\u00e3o estar a 100mm da esquina de liga\u00e7\u00e3o do aro com a travessa. No decorrer do ensaio, o aumento da temperatura da folha e do aro (em qualquer ponto, no lado n\u00e3o exposto ao fogo) n\u00e3o poder\u00e1 ultrapassar a temperatura inicial em mais de 180\u00baC e a temperatura m\u00e9dia nunca poder\u00e1 ser superior a 140\u00baC.<\/p>\n<p>I2 \u2013 Os termopares que s\u00e3o colocados na folha dever\u00e3o estar a 100mm da folga (entre aro e folha) e os que s\u00e3o colocados no aro dever\u00e3o estar a 100mm da esquina de liga\u00e7\u00e3o do aro com a travessa. No decorrer do ensaio, o aumento da temperatura da folha (em qualquer ponto, no lado n\u00e3o exposto ao fogo) n\u00e3o poder\u00e1 ultrapassar a temperatura inicial em mais de 180\u00baC, a temperatura do aro n\u00e3o poder\u00e1 ser superior a 360\u00baC e a temperatura m\u00e9dia nunca poder\u00e1 ser superior a 140\u00baC.<\/p>\n\t\t<\/div>\n\t<\/div>\n\n<\/div><div id=\"1551444586467-67fdce8a-c4f7\" class=\"item\">\n\t\n\t<div class=\"title\">\n\t\t\t\t<h4>O que \u00e9 um termopar?<\/h4>\n\t\t<div class=\"control\">\n\t\t\t<span class=\"ion-plus\"><\/span>\n\t\t<\/div>\n\t<\/div>\n\n\t<div class=\"content\">\n\t\t<div class=\"wrap\">\n\t\t\t<p>Os termopares s\u00e3o dispositivos electr\u00f3nicos cuja fun\u00e7\u00e3o consiste na medi\u00e7\u00e3o da temperatura. S\u00e3o, fundamentalmente, compostos por dois filamentos de metais de natureza distinta ou ligas de composi\u00e7\u00e3o diferentes. Os filamentos s\u00e3o soldados numa extremidade, designada de junta quente ou junta de medi\u00e7\u00e3o, e na outra extremidade \u00e9 fechado o circuito.<\/p>\n\t\t<\/div>\n\t<\/div>\n\n<\/div><div id=\"1551444611267-95e797ce-68e9\" class=\"item\">\n\t\n\t<div class=\"title\">\n\t\t\t\t<h4>Quais s\u00e3o as principais normas de ensaio relativas \u00e0 certifica\u00e7\u00e3o dos produtos TRIA?<\/h4>\n\t\t<div class=\"control\">\n\t\t\t<span class=\"ion-plus\"><\/span>\n\t\t<\/div>\n\t<\/div>\n\n\t<div class=\"content\">\n\t\t<div class=\"wrap\">\n\t\t\t<p>EN 1634-1:2010 | Resist\u00eancia ao fogo<br \/>\nEN 1191:2000 | Resist\u00eancia a ciclos repetitivos de abertura e fecho<br \/>\nEN 20140-3:1998 | \u00cdndice de isolamento sonoro para sons de condu\u00e7\u00e3o a\u00e9rea<br \/>\nEN 1026:2000 | Permeabilidade ao ar EN 1027:2000 | Estanquidade \u00e0 \u00e1gua<br \/>\nEN 12211:2000 | Resist\u00eancia ao vento<br \/>\nEN 12046-2:2000 | For\u00e7as de manobra<br \/>\nEN 948:1999 | Resist\u00eancia \u00e0 tor\u00e7\u00e3o est\u00e1tica<br \/>\nEN ISO 10077-1 | Coeficiente de transmiss\u00e3o t\u00e9rmica<br \/>\nENV 1627-30:2000 | Resist\u00eancia \u00e0 intrus\u00e3o<br \/>\nEN 1523:1999 | Resist\u00eancia bal\u00edstica<\/p>\n\t\t<\/div>\n\t<\/div>\n\n<\/div><div id=\"1551444648454-bd1b18f1-c0ea\" class=\"item\">\n\t\n\t<div class=\"title\">\n\t\t\t\t<h4>Em que consiste a compartimenta\u00e7\u00e3o corta-fogo?<\/h4>\n\t\t<div class=\"control\">\n\t\t\t<span class=\"ion-plus\"><\/span>\n\t\t<\/div>\n\t<\/div>\n\n\t<div class=\"content\">\n\t\t<div class=\"wrap\">\n\t\t\t<p>Parte de um edif\u00edcio, compreendendo um ou mais espa\u00e7os, divis\u00f5es ou pisos, delimitada por elementos de constru\u00e7\u00e3o com resist\u00eancia ao fogo adequada a, durante um per\u00edodo de tempo determinado, garantir a protec\u00e7\u00e3o do edif\u00edcio ou impedir a propaga\u00e7\u00e3o do inc\u00eandio ao resto do edif\u00edcio ou, ainda, a fraccionar a carga de inc\u00eandio.<\/p>\n\t\t<\/div>\n\t<\/div>\n\n<\/div><div id=\"1551444671430-33c44a86-8f13\" class=\"item\">\n\t\n\t<div class=\"title\">\n\t\t\t\t<h4>O que \u00e9 uma barra anti-p\u00e2nico?<\/h4>\n\t\t<div class=\"control\">\n\t\t\t<span class=\"ion-plus\"><\/span>\n\t\t<\/div>\n\t<\/div>\n\n\t<div class=\"content\">\n\t\t<div class=\"wrap\">\n\t\t\t<p>Uma barra anti-p\u00e2nico \u00e9 um dispositivo mec\u00e2nico instalado numa porta que permita, em caso de evacua\u00e7\u00e3o de emerg\u00eancia, a sua f\u00e1cil abertura por press\u00e3o do corpo do utilizador, sem necessidade de uso das m\u00e3os.<br \/>\nAs portas devem ser equipadas com sistemas de abertura dotados de barras antip\u00e2nico, devidamente sinalizadas, no caso de:<br \/>\na) Sa\u00edda de locais, utiliza\u00e7\u00f5es-tipo ou edif\u00edcios, utiliz\u00e1veis por mais de 200 pessoas,<br \/>\nb) Acesso a vias verticais de evacua\u00e7\u00e3o, utiliz\u00e1veis por mais de 50 pessoas.<\/p>\n\t\t<\/div>\n\t<\/div>\n\n<\/div><div id=\"1551444738818-3cfa8c59-64e2\" class=\"item\">\n\t\n\t<div class=\"title\">\n\t\t\t\t<h4>Em que consiste a passagem livre?<\/h4>\n\t\t<div class=\"control\">\n\t\t\t<span class=\"ion-plus\"><\/span>\n\t\t<\/div>\n\t<\/div>\n\n\t<div class=\"content\">\n\t\t<div class=\"wrap\">\n\t\t\t<p>A passagem livre (L x H) corresponde \u00e0 largura \/ altura medidas entre os limites interiores do aro, ou seja, equivale \u00e0 maior dimens\u00e3o livre para pessoas ou objectos passarem pela porta.<\/p>\n\t\t<\/div>\n\t<\/div>\n\n<\/div><div id=\"1551444761554-553662d6-f92d\" class=\"item\">\n\t\n\t<div class=\"title\">\n\t\t\t\t<h4>O que \u00e9 uma unidade de passagem?<\/h4>\n\t\t<div class=\"control\">\n\t\t\t<span class=\"ion-plus\"><\/span>\n\t\t<\/div>\n\t<\/div>\n\n\t<div class=\"content\">\n\t\t<div class=\"wrap\">\n\t\t\t<p>\u00c9 uma unidade te\u00f3rica utilizada na avalia\u00e7\u00e3o da largura necess\u00e1ria \u00e0 passagem de pessoas no decurso da evacua\u00e7\u00e3o. A correspond\u00eancia em unidades m\u00e9tricas, arredondada por defeito para o n\u00famero inteiro mais pr\u00f3ximo, \u00e9 a seguinte:<\/p>\n<ul>\n<li>1 UP = 900mm<\/li>\n<li>2 UP = 1400mm<\/li>\n<li>n \u00a0UP = n x 600mm<\/li>\n<\/ul>\n\t\t<\/div>\n\t<\/div>\n\n<\/div><div id=\"1551444779280-bab1ae93-a10e\" class=\"item\">\n\t\n\t<div class=\"title\">\n\t\t\t\t<h4>A que corresponde o v\u00e3o de assentamento\/v\u00e3o de constru\u00e7\u00e3o civil?<\/h4>\n\t\t<div class=\"control\">\n\t\t\t<span class=\"ion-plus\"><\/span>\n\t\t<\/div>\n\t<\/div>\n\n\t<div class=\"content\">\n\t\t<div class=\"wrap\">\n\t\t\t<p>Corresponde \u00e0 dimens\u00e3o em tosco da parede na qual ser\u00e1 montada a porta.<\/p>\n\t\t<\/div>\n\t<\/div>\n\n<\/div><div id=\"1551444822718-cade26e9-3b3a\" class=\"item\">\n\t\n\t<div class=\"title\">\n\t\t\t\t<h4>Como se define o sentido de abertura de uma porta?<\/h4>\n\t\t<div class=\"control\">\n\t\t\t<span class=\"ion-plus\"><\/span>\n\t\t<\/div>\n\t<\/div>\n\n\t<div class=\"content\">\n\t\t<div class=\"wrap\">\n\t\t\t<p>Posicionando-nos do lado oposto \u00e0s dobradi\u00e7as vemos a face interior da porta. Quando pressionamos o puxador ou a barra anti-p\u00e2nico accionamos o seu movimento de rota\u00e7\u00e3o que pode processar-se para a direita ou para a esquerda. Assim se define o sentido de abertura (porta direita ou porta esquerda).<\/p>\n\t\t<\/div>\n\t<\/div>\n\n<\/div><div id=\"1551444844803-a2d44379-1beb\" class=\"item\">\n\t\n\t<div class=\"title\">\n\t\t\t\t<h4>Qual a diferen\u00e7a entre um caminho de evacua\u00e7\u00e3o \/caminho de fuga e via de evacua\u00e7\u00e3o?<\/h4>\n\t\t<div class=\"control\">\n\t\t\t<span class=\"ion-plus\"><\/span>\n\t\t<\/div>\n\t<\/div>\n\n\t<div class=\"content\">\n\t\t<div class=\"wrap\">\n\t\t\t<p>Caminho de evacua\u00e7\u00e3o\u00a0&#8211; percurso entre qualquer ponto, suscept\u00edvel de ocupa\u00e7\u00e3o, num recinto ou num edif\u00edcio at\u00e9 uma zona de seguran\u00e7a exterior*, compreendendo, em geral, um percurso inicial no local de perman\u00eancia e outro nas vias de evacua\u00e7\u00e3o.<\/p>\n<p>Via de evacua\u00e7\u00e3o\u00a0&#8211; Comunica\u00e7\u00e3o horizontal ou vertical de um edif\u00edcio que, nos termos do regulamento, apresenta condi\u00e7\u00f5es de seguran\u00e7a para a evacua\u00e7\u00e3o dos seus ocupantes.<\/p>\n<p>* Local no exterior do edif\u00edcio, onde as pessoas se possam reunir, protegidas dos efeitos directos de um inc\u00eandio.<\/p>\n\t\t<\/div>\n\t<\/div>\n\n<\/div><div id=\"1551448578998-e07e10c3-2a12\" class=\"item\">\n\t\n\t<div class=\"title\">\n\t\t\t\t<h4>O que \u00e9 a dist\u00e2ncia de evacua\u00e7\u00e3o?<\/h4>\n\t\t<div class=\"control\">\n\t\t\t<span class=\"ion-plus\"><\/span>\n\t\t<\/div>\n\t<\/div>\n\n\t<div class=\"content\">\n\t\t<div class=\"wrap\">\n\t\t\t<p>A dist\u00e2ncia de evacua\u00e7\u00e3o consiste no comprimento a percorrer num caminho de evacua\u00e7\u00e3o at\u00e9 se atingir uma via de evacua\u00e7\u00e3o protegida, uma zona de seguran\u00e7a ou uma zona de ref\u00fagio (local de um edif\u00edcio, temporariamente seguro, especialmente dotado de meios de protec\u00e7\u00e3o, de modo a que as pessoas n\u00e3o venham a sofrer dos efeitos directos de um inc\u00eandio no edif\u00edcio).<\/p>\n\t\t<\/div>\n\t<\/div>\n\n<\/div><div id=\"1551448659869-ed93091a-01f2\" class=\"item\">\n\t\n\t<div class=\"title\">\n\t\t\t\t<h4>O que \u00e9 a capacidade de evacua\u00e7\u00e3o de uma sa\u00edda?<\/h4>\n\t\t<div class=\"control\">\n\t\t\t<span class=\"ion-plus\"><\/span>\n\t\t<\/div>\n\t<\/div>\n\n\t<div class=\"content\">\n\t\t<div class=\"wrap\">\n\t\t\t<p>A capacidade de evacua\u00e7\u00e3o de uma sa\u00edda corresponde ao n\u00famero m\u00e1ximo de pessoas que podem passar atrav\u00e9s dessa sa\u00edda por unidade de tempo.<\/p>\n\t\t<\/div>\n\t<\/div>\n\n<\/div><div id=\"1551448693762-6d5c82eb-367b\" class=\"item\">\n\t\n\t<div class=\"title\">\n\t\t\t\t<h4>O que \u00e9 uma sa\u00edda de emerg\u00eancia?<\/h4>\n\t\t<div class=\"control\">\n\t\t\t<span class=\"ion-plus\"><\/span>\n\t\t<\/div>\n\t<\/div>\n\n\t<div class=\"content\">\n\t\t<div class=\"wrap\">\n\t\t\t<p>A sa\u00edda de emerg\u00eancia \u00e9 a sa\u00edda para um caminho de evacua\u00e7\u00e3o protegido ou para uma zona de seguran\u00e7a, que n\u00e3o est\u00e1 normalmente dispon\u00edvel para outra utiliza\u00e7\u00e3o pelo p\u00fablico.<\/p>\n<p>* Defini\u00e7\u00f5es adaptadas de MIGUEL, Marco; SILVANO, Pedro, \u201cRegulamento de Seguran\u00e7a em Tabelas\u201d, F\u00e1brica de Letras, 2009.<\/p>\n\t\t<\/div>\n\t<\/div>\n\n<\/div>\t\n<\/div>[\/vc_column][\/vc_row]\n","protected":false},"excerpt":{"rendered":"<p>[vc_row][vc_column][\/vc_column][\/vc_row]<\/p>\n","protected":false},"author":1,"featured_media":0,"parent":0,"menu_order":0,"comment_status":"closed","ping_status":"closed","template":"","meta":{"inline_featured_image":false,"footnotes":""},"class_list":["post-5674948","page","type-page","status-publish","hentry"],"acf":[],"yoast_head":"<!-- This site is optimized with the Yoast SEO plugin v24.3 - https:\/\/yoast.com\/wordpress\/plugins\/seo\/ -->\n<title>FAQ&#039;s - TRIA<\/title>\n<meta name=\"robots\" content=\"index, follow, max-snippet:-1, max-image-preview:large, max-video-preview:-1\" \/>\n<link rel=\"canonical\" href=\"https:\/\/www.tria.pt\/pt\/faqs\/\" \/>\n<meta property=\"og:locale\" content=\"pt_PT\" \/>\n<meta property=\"og:type\" content=\"article\" \/>\n<meta property=\"og:title\" content=\"FAQ&#039;s - TRIA\" \/>\n<meta property=\"og:description\" content=\"[vc_row][vc_column][\/vc_column][\/vc_row]\" \/>\n<meta property=\"og:url\" content=\"https:\/\/www.tria.pt\/pt\/faqs\/\" \/>\n<meta property=\"og:site_name\" content=\"TRIA\" \/>\n<meta property=\"article:modified_time\" content=\"2019-03-27T10:17:19+00:00\" \/>\n<meta name=\"twitter:card\" content=\"summary_large_image\" \/>\n<meta name=\"twitter:label1\" content=\"Est. reading time\" \/>\n\t<meta name=\"twitter:data1\" content=\"10 minutes\" \/>\n<script type=\"application\/ld+json\" class=\"yoast-schema-graph\">{\"@context\":\"https:\/\/schema.org\",\"@graph\":[{\"@type\":\"WebPage\",\"@id\":\"https:\/\/www.tria.pt\/pt\/faqs\/\",\"url\":\"https:\/\/www.tria.pt\/pt\/faqs\/\",\"name\":\"FAQ's - TRIA\",\"isPartOf\":{\"@id\":\"https:\/\/www.tria.pt\/pt\/#website\"},\"datePublished\":\"2019-03-01T12:54:48+00:00\",\"dateModified\":\"2019-03-27T10:17:19+00:00\",\"breadcrumb\":{\"@id\":\"https:\/\/www.tria.pt\/pt\/faqs\/#breadcrumb\"},\"inLanguage\":\"pt\",\"potentialAction\":[{\"@type\":\"ReadAction\",\"target\":[\"https:\/\/www.tria.pt\/pt\/faqs\/\"]}]},{\"@type\":\"BreadcrumbList\",\"@id\":\"https:\/\/www.tria.pt\/pt\/faqs\/#breadcrumb\",\"itemListElement\":[{\"@type\":\"ListItem\",\"position\":1,\"name\":\"Home\",\"item\":\"https:\/\/www.tria.pt\/pt\/\"},{\"@type\":\"ListItem\",\"position\":2,\"name\":\"FAQ&#8217;s\"}]},{\"@type\":\"WebSite\",\"@id\":\"https:\/\/www.tria.pt\/pt\/#website\",\"url\":\"https:\/\/www.tria.pt\/pt\/\",\"name\":\"TRIA\",\"description\":\"Passive Fire Protection and Thermoresistant Solutions\",\"potentialAction\":[{\"@type\":\"SearchAction\",\"target\":{\"@type\":\"EntryPoint\",\"urlTemplate\":\"https:\/\/www.tria.pt\/pt\/?s={search_term_string}\"},\"query-input\":{\"@type\":\"PropertyValueSpecification\",\"valueRequired\":true,\"valueName\":\"search_term_string\"}}],\"inLanguage\":\"pt\"}]}<\/script>\n<!-- \/ Yoast SEO plugin. -->","yoast_head_json":{"title":"FAQ's - TRIA","robots":{"index":"index","follow":"follow","max-snippet":"max-snippet:-1","max-image-preview":"max-image-preview:large","max-video-preview":"max-video-preview:-1"},"canonical":"https:\/\/www.tria.pt\/pt\/faqs\/","og_locale":"pt_PT","og_type":"article","og_title":"FAQ's - TRIA","og_description":"[vc_row][vc_column][\/vc_column][\/vc_row]","og_url":"https:\/\/www.tria.pt\/pt\/faqs\/","og_site_name":"TRIA","article_modified_time":"2019-03-27T10:17:19+00:00","twitter_card":"summary_large_image","twitter_misc":{"Est. reading time":"10 minutes"},"schema":{"@context":"https:\/\/schema.org","@graph":[{"@type":"WebPage","@id":"https:\/\/www.tria.pt\/pt\/faqs\/","url":"https:\/\/www.tria.pt\/pt\/faqs\/","name":"FAQ's - TRIA","isPartOf":{"@id":"https:\/\/www.tria.pt\/pt\/#website"},"datePublished":"2019-03-01T12:54:48+00:00","dateModified":"2019-03-27T10:17:19+00:00","breadcrumb":{"@id":"https:\/\/www.tria.pt\/pt\/faqs\/#breadcrumb"},"inLanguage":"pt","potentialAction":[{"@type":"ReadAction","target":["https:\/\/www.tria.pt\/pt\/faqs\/"]}]},{"@type":"BreadcrumbList","@id":"https:\/\/www.tria.pt\/pt\/faqs\/#breadcrumb","itemListElement":[{"@type":"ListItem","position":1,"name":"Home","item":"https:\/\/www.tria.pt\/pt\/"},{"@type":"ListItem","position":2,"name":"FAQ&#8217;s"}]},{"@type":"WebSite","@id":"https:\/\/www.tria.pt\/pt\/#website","url":"https:\/\/www.tria.pt\/pt\/","name":"TRIA","description":"Passive Fire Protection and Thermoresistant Solutions","potentialAction":[{"@type":"SearchAction","target":{"@type":"EntryPoint","urlTemplate":"https:\/\/www.tria.pt\/pt\/?s={search_term_string}"},"query-input":{"@type":"PropertyValueSpecification","valueRequired":true,"valueName":"search_term_string"}}],"inLanguage":"pt"}]}},"_links":{"self":[{"href":"https:\/\/www.tria.pt\/pt\/wp-json\/wp\/v2\/pages\/5674948"}],"collection":[{"href":"https:\/\/www.tria.pt\/pt\/wp-json\/wp\/v2\/pages"}],"about":[{"href":"https:\/\/www.tria.pt\/pt\/wp-json\/wp\/v2\/types\/page"}],"author":[{"embeddable":true,"href":"https:\/\/www.tria.pt\/pt\/wp-json\/wp\/v2\/users\/1"}],"replies":[{"embeddable":true,"href":"https:\/\/www.tria.pt\/pt\/wp-json\/wp\/v2\/comments?post=5674948"}],"version-history":[{"count":9,"href":"https:\/\/www.tria.pt\/pt\/wp-json\/wp\/v2\/pages\/5674948\/revisions"}],"predecessor-version":[{"id":5676213,"href":"https:\/\/www.tria.pt\/pt\/wp-json\/wp\/v2\/pages\/5674948\/revisions\/5676213"}],"wp:attachment":[{"href":"https:\/\/www.tria.pt\/pt\/wp-json\/wp\/v2\/media?parent=5674948"}],"curies":[{"name":"wp","href":"https:\/\/api.w.org\/{rel}","templated":true}]}}