{"id":5674188,"date":"2019-02-26T11:35:25","date_gmt":"2019-02-26T11:35:25","guid":{"rendered":"http:\/\/dev-centiva.com\/tria?page_id=5674188"},"modified":"2025-01-13T16:19:30","modified_gmt":"2025-01-13T16:19:30","slug":"careers","status":"publish","type":"page","link":"https:\/\/www.tria.pt\/pt\/careers\/","title":{"rendered":"Carreiras"},"content":{"rendered":"[vc_row css=&#8221;.vc_custom_1550667373433{padding-bottom: 100px !important;background-color: #1a1a1a !important;}&#8221;][vc_column]<div data-norebro-portfolio-grid=\"true\"\n\tid=\"norebro-custom-69e51f717d5bd\"\n\tclass=\"norebro-recent-projects-sc\"\n\t\t>\n\n\t\n\t\n\t<div class=\"vc_row \" data-isotope-grid=\"true\" data-lazy-container=\"projects\">\n\n\t\t\n\t\t\t\t<div class=\"portfolio-item-wrap masonry-block grid-item vc_col-lg-4 vc_col-md-4 vc_col-sm-6 vc_col-xs-12 norebro-project-item norebro-filter-project-933ca4b2a54f2152e7975ea590cfb262\" data-lazy-item=\"\" data-lazy-scope=\"projects\">\n<div class=\"portfolio-item grid-1 hover-2 metro-style\">\n\t<a href=\"https:\/\/www.tria.pt\/pt\/project\/desenhador-projetista-m-f\/\">\n\t\t<div class=\"image-wrap\"\n\t\t data-norebro-bg-image=\"https:\/\/www.tria.pt\/wp-content\/uploads\/2019\/02\/mec-eng-1024x441.jpg\">\n\t\t\t\t\t<\/div>\n\t\t<div class=\"description overlay\">\n\t\t\t\n\t\t\t\t\t\t\t\t\t\t\t\t\t\t\t\t\t\t\t<span class=\"category\">ENGENHARIA<\/span>\n\t\t\t\t\t\t\t\t\t\t\n\t\t\t<h4 class=\"title\">Desenhador\/ Projetista (m\/f)<\/h4>\n\t\t\t\n\t\t\t<!--Centiva start-->\n\t\t\t\t\t\t<p class=\"career_par\">O Desenhador ir\u00e1 integrar a equipa de Programa\u00e7\u00e3o.<\/p>\t\n\t\t\t\t\t\t<!--Centiva end-->\n\t\t\t\n\t\t\t\n\t\t\t\n\t\t\t\t\t\t<div class=\"more brand-color brand-color-i\">\n\t\t\t\t<span class=\"ion-ios-plus-empty\"><\/span>\n\t\t\t<\/div>\n\t\t\t\t\t<\/div>\n\t<\/a>\n<\/div>\t\t\t<div class=\"clear\"><\/div>\n\t\t<\/div>\n\t\t\t<div class=\"portfolio-item-wrap masonry-block grid-item vc_col-lg-4 vc_col-md-4 vc_col-sm-6 vc_col-xs-12 norebro-project-item norebro-filter-project-ac6017485b01c9b360f1a71e0cb46121\" data-lazy-item=\"\" data-lazy-scope=\"projects\">\n<div class=\"portfolio-item grid-1 hover-2 metro-style\">\n\t<a href=\"https:\/\/www.tria.pt\/pt\/project\/operador-de-armazem-logistica-m-f\/\">\n\t\t<div class=\"image-wrap\"\n\t\t data-norebro-bg-image=\"https:\/\/www.tria.pt\/wp-content\/uploads\/2019\/02\/mec-eng-1024x441.jpg\">\n\t\t\t\t\t<\/div>\n\t\t<div class=\"description overlay\">\n\t\t\t\n\t\t\t\t\t\t\t\t\t\t\t\t\t\t\t\t\t\t\t<span class=\"category\">PRODU\u00c7\u00c3O<\/span>\n\t\t\t\t\t\t\t\t\t\t\n\t\t\t<h4 class=\"title\">Operador de Armaz\u00e9m e Log\u00edstica (m\/f)<\/h4>\n\t\t\t\n\t\t\t<!--Centiva start-->\n\t\t\t\t\t\t<p class=\"career_par\">O colaborador ir\u00e1 integrar a equipa de armaz\u00e9m e log\u00edstica.<\/p>\t\n\t\t\t\t\t\t<!--Centiva end-->\n\t\t\t\n\t\t\t\n\t\t\t\n\t\t\t\t\t\t<div class=\"more brand-color brand-color-i\">\n\t\t\t\t<span class=\"ion-ios-plus-empty\"><\/span>\n\t\t\t<\/div>\n\t\t\t\t\t<\/div>\n\t<\/a>\n<\/div>\t\t\t<div class=\"clear\"><\/div>\n\t\t<\/div>\n\t\t\t<div class=\"portfolio-item-wrap masonry-block grid-item vc_col-lg-4 vc_col-md-4 vc_col-sm-6 vc_col-xs-12 norebro-project-item norebro-filter-project-ac6017485b01c9b360f1a71e0cb46121\" data-lazy-item=\"\" data-lazy-scope=\"projects\">\n<div class=\"portfolio-item grid-1 hover-2 metro-style\">\n\t<a href=\"https:\/\/www.tria.pt\/pt\/project\/operador-de-maquinas-m-f\/\">\n\t\t<div class=\"image-wrap\"\n\t\t data-norebro-bg-image=\"https:\/\/www.tria.pt\/wp-content\/uploads\/2019\/02\/mec-eng-1024x441.jpg\">\n\t\t\t\t\t<\/div>\n\t\t<div class=\"description overlay\">\n\t\t\t\n\t\t\t\t\t\t\t\t\t\t\t\t\t\t\t\t\t\t\t<span class=\"category\">PRODU\u00c7\u00c3O<\/span>\n\t\t\t\t\t\t\t\t\t\t\n\t\t\t<h4 class=\"title\">Operador de M\u00e1quinas (m\/f)<\/h4>\n\t\t\t\n\t\t\t<!--Centiva start-->\n\t\t\t\t\t\t<p class=\"career_par\">O colaborador ir\u00e1 integrar a equipa de produ\u00e7\u00e3o.<\/p>\t\n\t\t\t\t\t\t<!--Centiva end-->\n\t\t\t\n\t\t\t\n\t\t\t\n\t\t\t\t\t\t<div class=\"more brand-color brand-color-i\">\n\t\t\t\t<span class=\"ion-ios-plus-empty\"><\/span>\n\t\t\t<\/div>\n\t\t\t\t\t<\/div>\n\t<\/a>\n<\/div>\t\t\t<div class=\"clear\"><\/div>\n\t\t<\/div>\n\t\t\t<div class=\"portfolio-item-wrap masonry-block grid-item vc_col-lg-4 vc_col-md-4 vc_col-sm-6 vc_col-xs-12 norebro-project-item norebro-filter-project-933ca4b2a54f2152e7975ea590cfb262\" data-lazy-item=\"\" data-lazy-scope=\"projects\">\n<div class=\"portfolio-item grid-1 hover-2 metro-style\">\n\t<a href=\"https:\/\/www.tria.pt\/pt\/project\/eng-o-electrotecnico-electromecanico-m-f\/\">\n\t\t<div class=\"image-wrap\"\n\t\t data-norebro-bg-image=\"https:\/\/www.tria.pt\/wp-content\/uploads\/2019\/02\/mec-eng-1024x441.jpg\">\n\t\t\t\t\t<\/div>\n\t\t<div class=\"description overlay\">\n\t\t\t\n\t\t\t\t\t\t\t\t\t\t\t\t\t\t\t\t\t\t\t<span class=\"category\">ENGENHARIA<\/span>\n\t\t\t\t\t\t\t\t\t\t\n\t\t\t<h4 class=\"title\">Eng.\u00ba Electrot\u00e9cnico\/ Electromec\u00e2nico (m\/f)<\/h4>\n\t\t\t\n\t\t\t<!--Centiva start-->\n\t\t\t\t\t\t<p class=\"career_par\">O colaborador ir\u00e1 integrar o Departamento de Electr\u00f3nica.<\/p>\t\n\t\t\t\t\t\t<!--Centiva end-->\n\t\t\t\n\t\t\t\n\t\t\t\n\t\t\t\t\t\t<div class=\"more brand-color brand-color-i\">\n\t\t\t\t<span class=\"ion-ios-plus-empty\"><\/span>\n\t\t\t<\/div>\n\t\t\t\t\t<\/div>\n\t<\/a>\n<\/div>\t\t\t<div class=\"clear\"><\/div>\n\t\t<\/div>\n\t\t\t<div class=\"portfolio-item-wrap masonry-block grid-item vc_col-lg-4 vc_col-md-4 vc_col-sm-6 vc_col-xs-12 norebro-project-item norebro-filter-project-933ca4b2a54f2152e7975ea590cfb262\" data-lazy-item=\"\" data-lazy-scope=\"projects\">\n<div class=\"portfolio-item grid-1 hover-2 metro-style\">\n\t<a href=\"https:\/\/www.tria.pt\/pt\/project\/preparador-de-obra-2\/\">\n\t\t<div class=\"image-wrap\"\n\t\t data-norebro-bg-image=\"https:\/\/www.tria.pt\/wp-content\/uploads\/2019\/02\/mec-eng-1024x441.jpg\">\n\t\t\t\t\t<\/div>\n\t\t<div class=\"description overlay\">\n\t\t\t\n\t\t\t\t\t\t\t\t\t\t\t\t\t\t\t\t\t\t\t<span class=\"category\">ENGENHARIA<\/span>\n\t\t\t\t\t\t\t\t\t\t\n\t\t\t<h4 class=\"title\">Preparador de Obra (m\/f)<\/h4>\n\t\t\t\n\t\t\t<!--Centiva start-->\n\t\t\t\t\t\t<p class=\"career_par\">O colaborador ir\u00e1 integrar o Departamento de Prepara\u00e7\u00e3o de Obra.<\/p>\t\n\t\t\t\t\t\t<!--Centiva end-->\n\t\t\t\n\t\t\t\n\t\t\t\n\t\t\t\t\t\t<div class=\"more brand-color brand-color-i\">\n\t\t\t\t<span class=\"ion-ios-plus-empty\"><\/span>\n\t\t\t<\/div>\n\t\t\t\t\t<\/div>\n\t<\/a>\n<\/div>\t\t\t<div class=\"clear\"><\/div>\n\t\t<\/div>\n\t\t<\/div>\n\n\t\n<\/div>\n[\/vc_column][\/vc_row][vc_row full_width=&#8221;stretch_row&#8221; css=&#8221;.vc_custom_1551347935003{padding-top: 50px !important;padding-right: 20px !important;padding-bottom: 50px !important;background-color: #ffffff !important;}&#8221; el_id=&#8221;spontaneous&#8221;][vc_column]<div class=\"norebro-heading-sc heading text-left\"\n\tid=\"norebro-custom-69e51f7184536\" \n\t \n\t>\n\t\n\t\t\t<p class=\"subtitle\">\n\t\t\tJunta-te a n\u00f3s\t\t<\/p>\n\t\n\t\t\t<div class=\"divider\"><\/div>\n\t\n\t<h1 class=\"title subtitle-top\">\n\t\tN\u00e3o encontras nenhuma posi\u00e7\u00e3o com que te identifiques?<br\/>Envia-nos uma candidatura espont\u00e2nea!\t<\/h1>\n\n\t\n\t\t\n<\/div>[vc_empty_space height=&#8221;40px&#8221;]<div class=\"norebro-contact-from-sc contact-form  text-left classic\"\n\tid=\"norebro-custom-69e51f718458b\" \n\t \n\t>\n\n\t<div role=\"form\" class=\"wpcf7\" id=\"wpcf7-f5681908-o1\" lang=\"en-US\" dir=\"ltr\">\n<div class=\"screen-reader-response\"><p role=\"status\" aria-live=\"polite\" aria-atomic=\"true\"><\/p> <ul><\/ul><\/div>\n<form action=\"\/pt\/wp-json\/wp\/v2\/pages\/5674188#wpcf7-f5681908-o1\" method=\"post\" class=\"wpcf7-form init\" enctype=\"multipart\/form-data\" novalidate=\"novalidate\" data-status=\"init\">\n<div style=\"display: none;\">\n<input type=\"hidden\" name=\"_wpcf7\" value=\"5681908\" \/>\n<input type=\"hidden\" name=\"_wpcf7_version\" value=\"5.6.1\" \/>\n<input type=\"hidden\" name=\"_wpcf7_locale\" value=\"en_US\" \/>\n<input type=\"hidden\" name=\"_wpcf7_unit_tag\" value=\"wpcf7-f5681908-o1\" \/>\n<input type=\"hidden\" name=\"_wpcf7_container_post\" value=\"0\" \/>\n<input type=\"hidden\" name=\"_wpcf7_posted_data_hash\" value=\"\" \/>\n<input type=\"hidden\" name=\"_wpcf7cf_hidden_group_fields\" value=\"[]\" \/>\n<input type=\"hidden\" name=\"_wpcf7cf_hidden_groups\" value=\"[]\" \/>\n<input type=\"hidden\" name=\"_wpcf7cf_visible_groups\" value=\"[]\" \/>\n<input type=\"hidden\" name=\"_wpcf7cf_repeaters\" value=\"[]\" \/>\n<input type=\"hidden\" name=\"_wpcf7cf_steps\" value=\"{}\" \/>\n<input type=\"hidden\" name=\"_wpcf7cf_options\" value=\"{&quot;form_id&quot;:5681908,&quot;conditions&quot;:[],&quot;settings&quot;:{&quot;animation&quot;:&quot;yes&quot;,&quot;animation_intime&quot;:200,&quot;animation_outtime&quot;:200,&quot;conditions_ui&quot;:&quot;normal&quot;,&quot;notice_dismissed&quot;:false,&quot;notice_dismissed_update-cf7-5.7.7&quot;:true}}\" \/>\n<input type=\"hidden\" name=\"_wpcf7_recaptcha_response\" value=\"\" \/>\n<\/div>\n<p><label><span class=\"label-width-res\"><label><span class=\"wpcf7-form-control-wrap\" data-name=\"name-1\"><input type=\"text\" name=\"name-1\" value=\"\" size=\"40\" class=\"wpcf7-form-control wpcf7-text wpcf7-validates-as-required\" aria-required=\"true\" aria-invalid=\"false\" placeholder=\"Nome*\" \/><\/span><\/label><\/span> <span class=\"label-width-res\"><label><span class=\"wpcf7-form-control-wrap\" data-name=\"tel-1\"><input type=\"tel\" name=\"tel-1\" value=\"\" size=\"40\" class=\"wpcf7-form-control wpcf7-text wpcf7-tel wpcf7-validates-as-required wpcf7-validates-as-tel\" aria-required=\"true\" aria-invalid=\"false\" placeholder=\"Contacto*\" \/><\/span><\/label><\/span> <span class=\"label-width-email\"><label><span class=\"wpcf7-form-control-wrap\" data-name=\"email-1\"><input type=\"email\" name=\"email-1\" value=\"\" size=\"40\" class=\"wpcf7-form-control wpcf7-text wpcf7-email wpcf7-validates-as-required wpcf7-validates-as-email\" aria-required=\"true\" aria-invalid=\"false\" placeholder=\"Email*\" \/><\/span><\/label><\/span><\/label><br \/>\n<span class=\"res-file-space\"><label><span class=\"label-width-cv\"><label><span class=\"res-file-title\">Upload CV*<\/span><span class=\"wpcf7-form-control-wrap\" data-name=\"resume\"><input type=\"file\" name=\"resume\" size=\"40\" class=\"wpcf7-form-control wpcf7-file wpcf7-validates-as-required\" accept=\".pdf,.doc,.docx\" aria-required=\"true\" aria-invalid=\"false\" \/><\/span><\/label><\/span> <span class=\"label-width-file\"><label><span class=\"res-file-title\">Upload carta apresenta\u00e7\u00e3o (Opcional)<\/span><span class=\"wpcf7-form-control-wrap\" data-name=\"cover-letter\"><input type=\"file\" name=\"cover-letter\" size=\"40\" class=\"wpcf7-form-control wpcf7-file\" accept=\".pdf,.doc,.docx\" aria-invalid=\"false\" \/><\/span><\/label><\/span><\/label><\/span><br \/>\n<span class=\"label-width-mes\"><label><span class=\"wpcf7-form-control-wrap\" data-name=\"message-1\"><textarea name=\"message-1\" cols=\"40\" rows=\"10\" class=\"wpcf7-form-control wpcf7-textarea\" aria-invalid=\"false\" placeholder=\"Mensagem\"><\/textarea><\/span><\/label><\/span><br \/>\n<span class=\"career-terms\"><span class=\"wpcf7-form-control-wrap\" data-name=\"acceptance_as_validation:off\"><span class=\"wpcf7-form-control wpcf7-acceptance\"><span class=\"wpcf7-list-item\"><label><input type=\"checkbox\" name=\"acceptance_as_validation:off\" value=\"1\" aria-invalid=\"false\" \/><span class=\"wpcf7-list-item-label\">Aceito a <a href=\"?page_id=5677491\"> pol\u00edtica de privacidade e os termos de servi\u00e7o aplicados<\/a>  neste website<\/span><\/label><\/span><\/span><\/span><\/span><br \/>\n<span class=\"label-width-btn\"><label><span class=\"res-submit\"><input type=\"submit\" value=\"Enviar Candidatura\" class=\"wpcf7-form-control has-spinner wpcf7-submit res-submit\" \/><\/span><\/label><\/span><\/p>\n<p style=\"display: none !important;\" class=\"akismet-fields-container\" data-prefix=\"_wpcf7_ak_\"><label>&#916;<textarea name=\"_wpcf7_ak_hp_textarea\" cols=\"45\" rows=\"8\" maxlength=\"100\"><\/textarea><\/label><input type=\"hidden\" id=\"ak_js_1\" name=\"_wpcf7_ak_js\" value=\"196\"\/><script>document.getElementById( \"ak_js_1\" ).setAttribute( \"value\", ( new Date() ).getTime() );<\/script><\/p><div class=\"wpcf7-response-output\" aria-hidden=\"true\"><\/div><\/form><\/div>\n\t<div class=\"hidden\" data-contact-btn=\"true\">\n\t\t<button class=\"btn  btn-brand\">\n\t\t\t<span class=\"btn-load\"><\/span>\n\t\t\t<span class=\"text\"><\/span>\n\t\t<\/button>\n\t<\/div>\n<\/div>[vc_empty_space height=&#8221;50px&#8221;][\/vc_column][\/vc_row]\n","protected":false},"excerpt":{"rendered":"<p>[vc_row css=&#8221;.vc_custom_1550667373433{padding-bottom: 100px !important;background-color: #1a1a1a !important;}&#8221;][vc_column][\/vc_column][\/vc_row][vc_row full_width=&#8221;stretch_row&#8221; css=&#8221;.vc_custom_1551347935003{padding-top: 50px !important;padding-right: 20px !important;padding-bottom: 50px !important;background-color:&#8230;<\/p>\n","protected":false},"author":1,"featured_media":0,"parent":0,"menu_order":0,"comment_status":"closed","ping_status":"closed","template":"","meta":{"inline_featured_image":false,"footnotes":""},"class_list":["post-5674188","page","type-page","status-publish","hentry"],"acf":[],"yoast_head":"<!-- This site is optimized with the Yoast SEO plugin v24.3 - https:\/\/yoast.com\/wordpress\/plugins\/seo\/ -->\n<title>Carreiras - TRIA<\/title>\n<meta name=\"robots\" content=\"index, follow, max-snippet:-1, max-image-preview:large, max-video-preview:-1\" \/>\n<link rel=\"canonical\" href=\"https:\/\/www.tria.pt\/pt\/careers\/\" \/>\n<meta property=\"og:locale\" content=\"pt_PT\" \/>\n<meta property=\"og:type\" content=\"article\" \/>\n<meta property=\"og:title\" content=\"Carreiras - TRIA\" \/>\n<meta property=\"og:description\" content=\"[vc_row css=&#8221;.vc_custom_1550667373433{padding-bottom: 100px !important;background-color: #1a1a1a !important;}&#8221;][vc_column][\/vc_column][\/vc_row][vc_row full_width=&#8221;stretch_row&#8221; css=&#8221;.vc_custom_1551347935003{padding-top: 50px !important;padding-right: 20px !important;padding-bottom: 50px !important;background-color:...\" \/>\n<meta property=\"og:url\" content=\"https:\/\/www.tria.pt\/pt\/careers\/\" \/>\n<meta property=\"og:site_name\" content=\"TRIA\" \/>\n<meta property=\"article:modified_time\" content=\"2025-01-13T16:19:30+00:00\" \/>\n<meta name=\"twitter:card\" content=\"summary_large_image\" \/>\n<meta name=\"twitter:label1\" content=\"Est. reading time\" \/>\n\t<meta name=\"twitter:data1\" content=\"1 minute\" \/>\n<script type=\"application\/ld+json\" class=\"yoast-schema-graph\">{\"@context\":\"https:\/\/schema.org\",\"@graph\":[{\"@type\":\"WebPage\",\"@id\":\"https:\/\/www.tria.pt\/pt\/careers\/\",\"url\":\"https:\/\/www.tria.pt\/pt\/careers\/\",\"name\":\"Carreiras - TRIA\",\"isPartOf\":{\"@id\":\"https:\/\/www.tria.pt\/pt\/#website\"},\"datePublished\":\"2019-02-26T11:35:25+00:00\",\"dateModified\":\"2025-01-13T16:19:30+00:00\",\"breadcrumb\":{\"@id\":\"https:\/\/www.tria.pt\/pt\/careers\/#breadcrumb\"},\"inLanguage\":\"pt\",\"potentialAction\":[{\"@type\":\"ReadAction\",\"target\":[\"https:\/\/www.tria.pt\/pt\/careers\/\"]}]},{\"@type\":\"BreadcrumbList\",\"@id\":\"https:\/\/www.tria.pt\/pt\/careers\/#breadcrumb\",\"itemListElement\":[{\"@type\":\"ListItem\",\"position\":1,\"name\":\"Home\",\"item\":\"https:\/\/www.tria.pt\/pt\/\"},{\"@type\":\"ListItem\",\"position\":2,\"name\":\"Carreiras\"}]},{\"@type\":\"WebSite\",\"@id\":\"https:\/\/www.tria.pt\/pt\/#website\",\"url\":\"https:\/\/www.tria.pt\/pt\/\",\"name\":\"TRIA\",\"description\":\"Passive Fire Protection and Thermoresistant Solutions\",\"potentialAction\":[{\"@type\":\"SearchAction\",\"target\":{\"@type\":\"EntryPoint\",\"urlTemplate\":\"https:\/\/www.tria.pt\/pt\/?s={search_term_string}\"},\"query-input\":{\"@type\":\"PropertyValueSpecification\",\"valueRequired\":true,\"valueName\":\"search_term_string\"}}],\"inLanguage\":\"pt\"}]}<\/script>\n<!-- \/ Yoast SEO plugin. -->","yoast_head_json":{"title":"Carreiras - TRIA","robots":{"index":"index","follow":"follow","max-snippet":"max-snippet:-1","max-image-preview":"max-image-preview:large","max-video-preview":"max-video-preview:-1"},"canonical":"https:\/\/www.tria.pt\/pt\/careers\/","og_locale":"pt_PT","og_type":"article","og_title":"Carreiras - TRIA","og_description":"[vc_row css=&#8221;.vc_custom_1550667373433{padding-bottom: 100px !important;background-color: #1a1a1a !important;}&#8221;][vc_column][\/vc_column][\/vc_row][vc_row full_width=&#8221;stretch_row&#8221; css=&#8221;.vc_custom_1551347935003{padding-top: 50px !important;padding-right: 20px !important;padding-bottom: 50px !important;background-color:...","og_url":"https:\/\/www.tria.pt\/pt\/careers\/","og_site_name":"TRIA","article_modified_time":"2025-01-13T16:19:30+00:00","twitter_card":"summary_large_image","twitter_misc":{"Est. reading time":"1 minute"},"schema":{"@context":"https:\/\/schema.org","@graph":[{"@type":"WebPage","@id":"https:\/\/www.tria.pt\/pt\/careers\/","url":"https:\/\/www.tria.pt\/pt\/careers\/","name":"Carreiras - TRIA","isPartOf":{"@id":"https:\/\/www.tria.pt\/pt\/#website"},"datePublished":"2019-02-26T11:35:25+00:00","dateModified":"2025-01-13T16:19:30+00:00","breadcrumb":{"@id":"https:\/\/www.tria.pt\/pt\/careers\/#breadcrumb"},"inLanguage":"pt","potentialAction":[{"@type":"ReadAction","target":["https:\/\/www.tria.pt\/pt\/careers\/"]}]},{"@type":"BreadcrumbList","@id":"https:\/\/www.tria.pt\/pt\/careers\/#breadcrumb","itemListElement":[{"@type":"ListItem","position":1,"name":"Home","item":"https:\/\/www.tria.pt\/pt\/"},{"@type":"ListItem","position":2,"name":"Carreiras"}]},{"@type":"WebSite","@id":"https:\/\/www.tria.pt\/pt\/#website","url":"https:\/\/www.tria.pt\/pt\/","name":"TRIA","description":"Passive Fire Protection and Thermoresistant Solutions","potentialAction":[{"@type":"SearchAction","target":{"@type":"EntryPoint","urlTemplate":"https:\/\/www.tria.pt\/pt\/?s={search_term_string}"},"query-input":{"@type":"PropertyValueSpecification","valueRequired":true,"valueName":"search_term_string"}}],"inLanguage":"pt"}]}},"_links":{"self":[{"href":"https:\/\/www.tria.pt\/pt\/wp-json\/wp\/v2\/pages\/5674188"}],"collection":[{"href":"https:\/\/www.tria.pt\/pt\/wp-json\/wp\/v2\/pages"}],"about":[{"href":"https:\/\/www.tria.pt\/pt\/wp-json\/wp\/v2\/types\/page"}],"author":[{"embeddable":true,"href":"https:\/\/www.tria.pt\/pt\/wp-json\/wp\/v2\/users\/1"}],"replies":[{"embeddable":true,"href":"https:\/\/www.tria.pt\/pt\/wp-json\/wp\/v2\/comments?post=5674188"}],"version-history":[{"count":48,"href":"https:\/\/www.tria.pt\/pt\/wp-json\/wp\/v2\/pages\/5674188\/revisions"}],"predecessor-version":[{"id":5686231,"href":"https:\/\/www.tria.pt\/pt\/wp-json\/wp\/v2\/pages\/5674188\/revisions\/5686231"}],"wp:attachment":[{"href":"https:\/\/www.tria.pt\/pt\/wp-json\/wp\/v2\/media?parent=5674188"}],"curies":[{"name":"wp","href":"https:\/\/api.w.org\/{rel}","templated":true}]}}