{"id":5674186,"date":"2019-02-26T11:43:02","date_gmt":"2019-02-26T11:43:02","guid":{"rendered":"http:\/\/dev-centiva.com\/tria?page_id=5674186"},"modified":"2020-10-20T08:26:13","modified_gmt":"2020-10-20T08:26:13","slug":"ficha-de-projeto","status":"publish","type":"page","link":"https:\/\/www.tria.pt\/pt\/ficha-de-projeto\/","title":{"rendered":"Ficha de Projeto"},"content":{"rendered":"[vc_row][vc_column width=&#8221;1\/6&#8243;][\/vc_column][vc_column width=&#8221;2\/3&#8243;][vc_single_image image=&#8221;5674187&#8243; img_size=&#8221;full&#8221; alignment=&#8221;center&#8221; css=&#8221;.vc_custom_1551457081106{margin-top: 50px !important;margin-bottom: 100px !important;}&#8221;][vc_separator border_width=&#8221;2&#8243; css=&#8221;.vc_custom_1551456678556{margin-top: 50px !important;margin-bottom: 50px !important;}&#8221;]<div class=\"norebro-text-sc \" \n\tid=\"norebro-custom-69fcbebe8fddf\" \n\t \n\t>\n\n\t<h1><strong>Ficha de Projeto<\/strong><\/h1>\n<p>Projeto n.\u00ba 23935<br \/>\nDesigna\u00e7\u00e3o do projeto: PPCIE 2020 &#8211; Nova Unidade Industrial<br \/>\nApoio no \u00e2mbito do Sistema de Incentivos \u00e0 Inova\u00e7\u00e3o Empresarial<br \/>\nObjetivo principal: Refor\u00e7ar a competitividade das PME<br \/>\nRegi\u00e3o de interven\u00e7\u00e3o: Centro<br \/>\nEntidade benefici\u00e1ria: TRIA &#8211; SERVI\u00c7OS, MATERIAIS E EQUIPAMENTOS, S.A.<\/p>\n<p>Data de aprova\u00e7\u00e3o: 2017-06-14<br \/>\nData de in\u00edcio: 2017-03-31<br \/>\nData de conclus\u00e3o: 2020-03-23<br \/>\nCusto total eleg\u00edvel: Euro5.393.574,67<br \/>\nApoio financeiro da UE: Euro3.236.144,80<\/p>\n<p>S\u00edntese do projeto:<\/p>\n<p>O projeto em apre\u00e7o visou a cria\u00e7\u00e3o de um Novo Estabelecimento, a partir do qual a TRIA produz bens e servi\u00e7os transacion\u00e1veis e internacionaliz\u00e1veis, com elevado n\u00edvel de incorpora\u00e7\u00e3o nacional.<\/p>\n<p>Atrav\u00e9s do projeto, a Empresa veio a integrar verticalmente uma nova fase da cadeia de valor da ind\u00fastria da Prote\u00e7\u00e3o Passiva Contra Inc\u00eandios em Edif\u00edcios (PPCIE), investindo em infraestruturas e tecnologias produtivas que permitem a produ\u00e7\u00e3o <em>in-house<\/em> de perfis em a\u00e7o pass\u00edveis de serem utilizados na produ\u00e7\u00e3o de sistemas inovadores, tais como envidra\u00e7ados e portas resistentes ao fogo.<\/p>\n<p>O apoio do Portugal 2020 atrav\u00e9s do COMPETE 2020 assumiu um papel decisivo na concretiza\u00e7\u00e3o dos referidos investimentos.<\/p>\n\t\n<\/div>[vc_separator border_width=&#8221;2&#8243; css=&#8221;.vc_custom_1551456678556{margin-top: 50px !important;margin-bottom: 50px !important;}&#8221;]<div class=\"norebro-text-sc \" \n\tid=\"norebro-custom-69fcbebe8fe99\" \n\t \n\t>\n\n\t<h1><strong>Ficha de Projeto<\/strong><\/h1>\n<p>Projeto n.\u00ba 25611<br \/>\nApoio no \u00e2mbito do Sistema de Incentivos \u00e0 Qualifica\u00e7\u00e3o das Pequenas e M\u00e9dias Empresas<br \/>\nDesigna\u00e7\u00e3o do projeto: TRIA &#8211; Plano de Qualifica\u00e7\u00e3o e Capacita\u00e7\u00e3o<br \/>\nCusto total eleg\u00edvel: Euro 598.205,00<br \/>\nApoio financeiro da UE: Euro 269.192,25<\/p>\n<p>S\u00edntese do projeto:<br \/>\nA Empresa encontra-se a concretizar um projeto de investimento industrial que se traduzir\u00e1 na edifica\u00e7\u00e3o de um novo estabelecimento onde produzir\u00e1 perfis em a\u00e7o e sistemas resistentes ao fogo (portas e envidra\u00e7ados) com uma forte componente inovadora.<br \/>\nDe modo a potenciar os resultados deste investimento industrial, a TRIA identificou a necessidade de efetuar uma revis\u00e3o profunda da estrutura e capacidade organizativa da Empresa, de modo a torn\u00e1-la mais competitiva e apta para os desafios do mercado global. Neste sentido, a Empresa delineou, igualmente, um plano de investimento em dom\u00ednios imateriais de competitividade, visando especificamente:<br \/>\n&#8211; O refor\u00e7o da capacidade de gest\u00e3o e introdu\u00e7\u00e3o de novos m\u00e9todos organizacionais;<br \/>\n&#8211; A implementa\u00e7\u00e3o de processos desmaterializados com clientes e fornecedores;<br \/>\n&#8211; A implementa\u00e7\u00e3o de sistemas de gest\u00e3o da responsabilidade social e seguran\u00e7a no trabalho;<br \/>\n&#8211; A implementa\u00e7\u00e3o e certifica\u00e7\u00e3o de sistemas de gest\u00e3o da I&amp;D+I;<br \/>\n&#8211; A implementa\u00e7\u00e3o e certifica\u00e7\u00e3o de sistemas de gest\u00e3o ambiental e EcoDesign.<\/p>\n\t\n<\/div>[vc_separator border_width=&#8221;2&#8243; css=&#8221;.vc_custom_1551456678556{margin-top: 50px !important;margin-bottom: 50px !important;}&#8221;]<div class=\"norebro-text-sc \" \n\tid=\"norebro-custom-69fcbebe8ff25\" \n\t \n\t>\n\n\t<h1><strong>Ficha de Projeto<\/strong><\/h1>\n<p>Projeto n.\u00ba 25638<br \/>\nApoio no \u00e2mbito do Sistema de Incentivos \u00e0 internacionaliza\u00e7\u00e3o das PME<br \/>\nDesigna\u00e7\u00e3o do projeto: TRIA &#8211; Plano de Internacionaliza\u00e7\u00e3o 2017-2018<br \/>\nCusto total eleg\u00edvel: Euro 890.655,00<br \/>\nApoio financeiro da UE: Euro 400.794,75<\/p>\n<p>S\u00edntese do projeto:<br \/>\nConcretiza\u00e7\u00e3o de um investimento relevante em fatores imateriais de competitividade, a saber:<\/p>\n<p>&#8211; Conhecimento de mercados externos &#8211; Participa\u00e7\u00e3o em 5 feiras internacionais, de elevada import\u00e2ncia para a promo\u00e7\u00e3o da marca TRIA nos setores da prote\u00e7\u00e3o passiva contra inc\u00eandios em edif\u00edcios (PPCIE) e dos produtos termorresistentes.<\/p>\n<p>&#8211; Presen\u00e7a na web, atrav\u00e9s da economia digital &#8211; Contrata\u00e7\u00e3o de servi\u00e7os especializados que permitam a publica\u00e7\u00e3o de conte\u00fados online e uma presen\u00e7a mais efetiva na economia digital, por via de um website mais interativo e de uma in\u00e9dita aplica\u00e7\u00e3o m\u00f3vel;<\/p>\n<p>&#8211; Prospe\u00e7\u00e3o e presen\u00e7a em mercados internacionais \u2013 Contrata\u00e7\u00e3o de servi\u00e7os de prospe\u00e7\u00e3o de mercado, coadjuvados pela realiza\u00e7\u00e3o de roadshows de capta\u00e7\u00e3o de novos clientes em novas geografias;<\/p>\n<p>&#8211; Introdu\u00e7\u00e3o de novo m\u00e9todo de organiza\u00e7\u00e3o nas pr\u00e1ticas comerciais ou nas rela\u00e7\u00f5es externas &#8211; Contrata\u00e7\u00e3o de quadros t\u00e9cnicos que permitam uma nova abordagem geogr\u00e1fica ao mercado dos produtos PPCIE e termorresistentes.<\/p>\n\t\n<\/div>[\/vc_column][vc_column width=&#8221;1\/6&#8243;][\/vc_column][\/vc_row]\n","protected":false},"excerpt":{"rendered":"<p>[vc_row][vc_column width=&#8221;1\/6&#8243;][\/vc_column][vc_column width=&#8221;2\/3&#8243;][vc_single_image image=&#8221;5674187&#8243; img_size=&#8221;full&#8221; alignment=&#8221;center&#8221; css=&#8221;.vc_custom_1551457081106{margin-top: 50px !important;margin-bottom: 100px !important;}&#8221;][vc_separator border_width=&#8221;2&#8243; css=&#8221;.vc_custom_1551456678556{margin-top: 50px&#8230;<\/p>\n","protected":false},"author":1,"featured_media":0,"parent":0,"menu_order":0,"comment_status":"closed","ping_status":"closed","template":"","meta":{"inline_featured_image":false,"footnotes":""},"class_list":["post-5674186","page","type-page","status-publish","hentry"],"acf":[],"yoast_head":"<!-- This site is optimized with the Yoast SEO plugin v24.3 - https:\/\/yoast.com\/wordpress\/plugins\/seo\/ -->\n<title>Ficha de Projeto - TRIA<\/title>\n<meta name=\"robots\" content=\"index, follow, max-snippet:-1, max-image-preview:large, max-video-preview:-1\" \/>\n<link rel=\"canonical\" href=\"https:\/\/www.tria.pt\/pt\/ficha-de-projeto\/\" \/>\n<meta property=\"og:locale\" content=\"pt_PT\" \/>\n<meta property=\"og:type\" content=\"article\" \/>\n<meta property=\"og:title\" content=\"Ficha de Projeto - TRIA\" \/>\n<meta property=\"og:description\" content=\"[vc_row][vc_column width=&#8221;1\/6&#8243;][\/vc_column][vc_column width=&#8221;2\/3&#8243;][vc_single_image image=&#8221;5674187&#8243; img_size=&#8221;full&#8221; alignment=&#8221;center&#8221; css=&#8221;.vc_custom_1551457081106{margin-top: 50px !important;margin-bottom: 100px !important;}&#8221;][vc_separator border_width=&#8221;2&#8243; css=&#8221;.vc_custom_1551456678556{margin-top: 50px...\" \/>\n<meta property=\"og:url\" content=\"https:\/\/www.tria.pt\/pt\/ficha-de-projeto\/\" \/>\n<meta property=\"og:site_name\" content=\"TRIA\" \/>\n<meta property=\"article:modified_time\" content=\"2020-10-20T08:26:13+00:00\" \/>\n<meta name=\"twitter:card\" content=\"summary_large_image\" \/>\n<meta name=\"twitter:label1\" content=\"Est. reading time\" \/>\n\t<meta name=\"twitter:data1\" content=\"4 minutes\" \/>\n<script type=\"application\/ld+json\" class=\"yoast-schema-graph\">{\"@context\":\"https:\/\/schema.org\",\"@graph\":[{\"@type\":\"WebPage\",\"@id\":\"https:\/\/www.tria.pt\/pt\/ficha-de-projeto\/\",\"url\":\"https:\/\/www.tria.pt\/pt\/ficha-de-projeto\/\",\"name\":\"Ficha de Projeto - TRIA\",\"isPartOf\":{\"@id\":\"https:\/\/www.tria.pt\/pt\/#website\"},\"datePublished\":\"2019-02-26T11:43:02+00:00\",\"dateModified\":\"2020-10-20T08:26:13+00:00\",\"breadcrumb\":{\"@id\":\"https:\/\/www.tria.pt\/pt\/ficha-de-projeto\/#breadcrumb\"},\"inLanguage\":\"pt\",\"potentialAction\":[{\"@type\":\"ReadAction\",\"target\":[\"https:\/\/www.tria.pt\/pt\/ficha-de-projeto\/\"]}]},{\"@type\":\"BreadcrumbList\",\"@id\":\"https:\/\/www.tria.pt\/pt\/ficha-de-projeto\/#breadcrumb\",\"itemListElement\":[{\"@type\":\"ListItem\",\"position\":1,\"name\":\"Home\",\"item\":\"https:\/\/www.tria.pt\/pt\/\"},{\"@type\":\"ListItem\",\"position\":2,\"name\":\"Ficha de Projeto\"}]},{\"@type\":\"WebSite\",\"@id\":\"https:\/\/www.tria.pt\/pt\/#website\",\"url\":\"https:\/\/www.tria.pt\/pt\/\",\"name\":\"TRIA\",\"description\":\"Passive Fire Protection and Thermoresistant Solutions\",\"potentialAction\":[{\"@type\":\"SearchAction\",\"target\":{\"@type\":\"EntryPoint\",\"urlTemplate\":\"https:\/\/www.tria.pt\/pt\/?s={search_term_string}\"},\"query-input\":{\"@type\":\"PropertyValueSpecification\",\"valueRequired\":true,\"valueName\":\"search_term_string\"}}],\"inLanguage\":\"pt\"}]}<\/script>\n<!-- \/ Yoast SEO plugin. -->","yoast_head_json":{"title":"Ficha de Projeto - TRIA","robots":{"index":"index","follow":"follow","max-snippet":"max-snippet:-1","max-image-preview":"max-image-preview:large","max-video-preview":"max-video-preview:-1"},"canonical":"https:\/\/www.tria.pt\/pt\/ficha-de-projeto\/","og_locale":"pt_PT","og_type":"article","og_title":"Ficha de Projeto - TRIA","og_description":"[vc_row][vc_column width=&#8221;1\/6&#8243;][\/vc_column][vc_column width=&#8221;2\/3&#8243;][vc_single_image image=&#8221;5674187&#8243; img_size=&#8221;full&#8221; alignment=&#8221;center&#8221; css=&#8221;.vc_custom_1551457081106{margin-top: 50px !important;margin-bottom: 100px !important;}&#8221;][vc_separator border_width=&#8221;2&#8243; css=&#8221;.vc_custom_1551456678556{margin-top: 50px...","og_url":"https:\/\/www.tria.pt\/pt\/ficha-de-projeto\/","og_site_name":"TRIA","article_modified_time":"2020-10-20T08:26:13+00:00","twitter_card":"summary_large_image","twitter_misc":{"Est. reading time":"4 minutes"},"schema":{"@context":"https:\/\/schema.org","@graph":[{"@type":"WebPage","@id":"https:\/\/www.tria.pt\/pt\/ficha-de-projeto\/","url":"https:\/\/www.tria.pt\/pt\/ficha-de-projeto\/","name":"Ficha de Projeto - TRIA","isPartOf":{"@id":"https:\/\/www.tria.pt\/pt\/#website"},"datePublished":"2019-02-26T11:43:02+00:00","dateModified":"2020-10-20T08:26:13+00:00","breadcrumb":{"@id":"https:\/\/www.tria.pt\/pt\/ficha-de-projeto\/#breadcrumb"},"inLanguage":"pt","potentialAction":[{"@type":"ReadAction","target":["https:\/\/www.tria.pt\/pt\/ficha-de-projeto\/"]}]},{"@type":"BreadcrumbList","@id":"https:\/\/www.tria.pt\/pt\/ficha-de-projeto\/#breadcrumb","itemListElement":[{"@type":"ListItem","position":1,"name":"Home","item":"https:\/\/www.tria.pt\/pt\/"},{"@type":"ListItem","position":2,"name":"Ficha de Projeto"}]},{"@type":"WebSite","@id":"https:\/\/www.tria.pt\/pt\/#website","url":"https:\/\/www.tria.pt\/pt\/","name":"TRIA","description":"Passive Fire Protection and Thermoresistant Solutions","potentialAction":[{"@type":"SearchAction","target":{"@type":"EntryPoint","urlTemplate":"https:\/\/www.tria.pt\/pt\/?s={search_term_string}"},"query-input":{"@type":"PropertyValueSpecification","valueRequired":true,"valueName":"search_term_string"}}],"inLanguage":"pt"}]}},"_links":{"self":[{"href":"https:\/\/www.tria.pt\/pt\/wp-json\/wp\/v2\/pages\/5674186"}],"collection":[{"href":"https:\/\/www.tria.pt\/pt\/wp-json\/wp\/v2\/pages"}],"about":[{"href":"https:\/\/www.tria.pt\/pt\/wp-json\/wp\/v2\/types\/page"}],"author":[{"embeddable":true,"href":"https:\/\/www.tria.pt\/pt\/wp-json\/wp\/v2\/users\/1"}],"replies":[{"embeddable":true,"href":"https:\/\/www.tria.pt\/pt\/wp-json\/wp\/v2\/comments?post=5674186"}],"version-history":[{"count":17,"href":"https:\/\/www.tria.pt\/pt\/wp-json\/wp\/v2\/pages\/5674186\/revisions"}],"predecessor-version":[{"id":5680266,"href":"https:\/\/www.tria.pt\/pt\/wp-json\/wp\/v2\/pages\/5674186\/revisions\/5680266"}],"wp:attachment":[{"href":"https:\/\/www.tria.pt\/pt\/wp-json\/wp\/v2\/media?parent=5674186"}],"curies":[{"name":"wp","href":"https:\/\/api.w.org\/{rel}","templated":true}]}}