{"id":5674185,"date":"2019-02-26T12:51:57","date_gmt":"2019-02-26T12:51:57","guid":{"rendered":"http:\/\/dev-centiva.com\/tria?page_id=5674185"},"modified":"2021-11-22T11:21:24","modified_gmt":"2021-11-22T11:21:24","slug":"management-system-policy","status":"publish","type":"page","link":"https:\/\/www.tria.pt\/pt\/management-system-policy\/","title":{"rendered":"Pol\u00edtica do Sistema de Gest\u00e3o"},"content":{"rendered":"[vc_row][vc_column width=&#8221;1\/6&#8243;][\/vc_column][vc_column width=&#8221;2\/3&#8243;]<div class=\"norebro-text-sc \" \n\tid=\"norebro-custom-6a009a674cebc\" \n\t \n\t>\n\n\t<p><strong>Estamos conscientes que o futuro como empresa depende da satisfa\u00e7\u00e3o total dos nossos clientes e partes interessadas. Temos como estrat\u00e9gia, a melhoria cont\u00ednua do Sistema de Gest\u00e3o, procurando desenvolver e alcan\u00e7ar a excel\u00eancia da qualidade e sustentabilidade, assumindo os seguintes compromissos:<\/strong><\/p>\n<p>&#8211; Assegurar o cumprimento das obriga\u00e7\u00f5es de conformidade, nomeadamente requisitos dos clientes, requisitos legais aplic\u00e1veis e outros requisitos subscritos no \u00e2mbito da atividade;<br \/>\n&#8211; Acompanhar os objetivos da empresa de modo a melhorar os processos e a efic\u00e1cia do Sistema de Gest\u00e3o;<br \/>\n&#8211; Compreender as necessidades atuais e futuras dos nossos clientes, atender \u00e0s suas necessidades e fazer um esfor\u00e7o para superar as suas expectativas, investindo na cont\u00ednua pesquisa de produtos e solu\u00e7\u00f5es com grande grau de fiabilidade e inova\u00e7\u00e3o;<br \/>\n&#8211; Atingir a qualidade atrav\u00e9s da preven\u00e7\u00e3o, evitando custos extras devido a erros e retrabalho;<br \/>\n&#8211; Trabalhar em parceria com os nossos fornecedores e subempreiteiros para garantir a efici\u00eancia dos servi\u00e7os e a qualidade do nosso produto final;<br \/>\n&#8211; Prote\u00e7\u00e3o do ambiente, prevenindo a polui\u00e7\u00e3o e minimizando os impactes ambientais adversos da atividade, utilizando de forma sustent\u00e1vel os recursos naturais na sua \u00e1rea de atua\u00e7\u00e3o;<br \/>\n&#8211; Assumir como prioridade a seguran\u00e7a e a prote\u00e7\u00e3o da sa\u00fade dos colaboradores, minimizando os riscos associados \u00e0s atividades desenvolvidas e apostando na preven\u00e7\u00e3o dos acidentes, assegurando condi\u00e7\u00f5es de trabalho saud\u00e1veis;<br \/>\n&#8211; Manter um ambiente de trabalho positivo e produtivo, estimulando a capacidade de iniciativa e o trabalho em equipa, no qual os colaboradores estejam totalmente envolvidos para atingir os objetivos da organiza\u00e7\u00e3o;<br \/>\n&#8211; Promover a forma\u00e7\u00e3o profissional e o desenvolvimento de compet\u00eancias t\u00e9cnicas;<br \/>\n&#8211; Respeitar os instrumentos reconhecidos internacionalmente na \u00e1rea dos Direitos Humanos, nomeadamente os princ\u00edpios da Organiza\u00e7\u00e3o Internacional do Trabalho (OIT), a Conven\u00e7\u00e3o das Na\u00e7\u00f5es Unidas sobre os Direitos da Crian\u00e7a e na Declara\u00e7\u00e3o Universal dos Direitos do Homem;<br \/>\n&#8211; Garantir condi\u00e7\u00f5es de trabalho dignas, nomeadamente, respeito dos per\u00edodos de trabalho e remunera\u00e7\u00f5es, assegurar a liberdade de associa\u00e7\u00e3o e representa\u00e7\u00e3o dos colaboradores, recusar pr\u00e1ticas discriminat\u00f3rias e trabalho infantil direta ou indiretamente e n\u00e3o aceitar pr\u00e1ticas de trabalho for\u00e7ado assegurando o recurso a uma cadeia de fornecimento que partilhe os mesmos princ\u00edpios;<br \/>\n-Promover a motiva\u00e7\u00e3o e envolvimento efetivo e vis\u00edvel das pessoas, atrav\u00e9s da participa\u00e7\u00e3o e consulta dos colaboradores e partes interessadas.<\/p>\n<p>Com esfor\u00e7o e compromisso tra\u00e7amos a hist\u00f3ria e o futuro da nossa organiza\u00e7\u00e3o.<\/p>\n\t\n<\/div>[\/vc_column][vc_column width=&#8221;1\/6&#8243;][\/vc_column][\/vc_row]\n","protected":false},"excerpt":{"rendered":"<p>[vc_row][vc_column width=&#8221;1\/6&#8243;][\/vc_column][vc_column width=&#8221;2\/3&#8243;][\/vc_column][vc_column width=&#8221;1\/6&#8243;][\/vc_column][\/vc_row]<\/p>\n","protected":false},"author":1,"featured_media":0,"parent":0,"menu_order":0,"comment_status":"closed","ping_status":"closed","template":"","meta":{"inline_featured_image":false,"footnotes":""},"class_list":["post-5674185","page","type-page","status-publish","hentry"],"acf":[],"yoast_head":"<!-- This site is optimized with the Yoast SEO plugin v24.3 - https:\/\/yoast.com\/wordpress\/plugins\/seo\/ -->\n<title>Pol\u00edtica do Sistema de Gest\u00e3o - TRIA<\/title>\n<meta name=\"robots\" content=\"index, follow, max-snippet:-1, max-image-preview:large, max-video-preview:-1\" \/>\n<link rel=\"canonical\" href=\"https:\/\/www.tria.pt\/pt\/management-system-policy\/\" \/>\n<meta property=\"og:locale\" content=\"pt_PT\" \/>\n<meta property=\"og:type\" content=\"article\" \/>\n<meta property=\"og:title\" content=\"Pol\u00edtica do Sistema de Gest\u00e3o - TRIA\" \/>\n<meta property=\"og:description\" content=\"[vc_row][vc_column width=&#8221;1\/6&#8243;][\/vc_column][vc_column width=&#8221;2\/3&#8243;][\/vc_column][vc_column width=&#8221;1\/6&#8243;][\/vc_column][\/vc_row]\" \/>\n<meta property=\"og:url\" content=\"https:\/\/www.tria.pt\/pt\/management-system-policy\/\" \/>\n<meta property=\"og:site_name\" content=\"TRIA\" \/>\n<meta property=\"article:modified_time\" content=\"2021-11-22T11:21:24+00:00\" \/>\n<meta name=\"twitter:card\" content=\"summary_large_image\" \/>\n<meta name=\"twitter:label1\" content=\"Est. reading time\" \/>\n\t<meta name=\"twitter:data1\" content=\"2 minutes\" \/>\n<script type=\"application\/ld+json\" class=\"yoast-schema-graph\">{\"@context\":\"https:\/\/schema.org\",\"@graph\":[{\"@type\":\"WebPage\",\"@id\":\"https:\/\/www.tria.pt\/pt\/management-system-policy\/\",\"url\":\"https:\/\/www.tria.pt\/pt\/management-system-policy\/\",\"name\":\"Pol\u00edtica do Sistema de Gest\u00e3o - TRIA\",\"isPartOf\":{\"@id\":\"https:\/\/www.tria.pt\/pt\/#website\"},\"datePublished\":\"2019-02-26T12:51:57+00:00\",\"dateModified\":\"2021-11-22T11:21:24+00:00\",\"breadcrumb\":{\"@id\":\"https:\/\/www.tria.pt\/pt\/management-system-policy\/#breadcrumb\"},\"inLanguage\":\"pt\",\"potentialAction\":[{\"@type\":\"ReadAction\",\"target\":[\"https:\/\/www.tria.pt\/pt\/management-system-policy\/\"]}]},{\"@type\":\"BreadcrumbList\",\"@id\":\"https:\/\/www.tria.pt\/pt\/management-system-policy\/#breadcrumb\",\"itemListElement\":[{\"@type\":\"ListItem\",\"position\":1,\"name\":\"Home\",\"item\":\"https:\/\/www.tria.pt\/pt\/\"},{\"@type\":\"ListItem\",\"position\":2,\"name\":\"Pol\u00edtica do Sistema de Gest\u00e3o\"}]},{\"@type\":\"WebSite\",\"@id\":\"https:\/\/www.tria.pt\/pt\/#website\",\"url\":\"https:\/\/www.tria.pt\/pt\/\",\"name\":\"TRIA\",\"description\":\"Passive Fire Protection and Thermoresistant Solutions\",\"potentialAction\":[{\"@type\":\"SearchAction\",\"target\":{\"@type\":\"EntryPoint\",\"urlTemplate\":\"https:\/\/www.tria.pt\/pt\/?s={search_term_string}\"},\"query-input\":{\"@type\":\"PropertyValueSpecification\",\"valueRequired\":true,\"valueName\":\"search_term_string\"}}],\"inLanguage\":\"pt\"}]}<\/script>\n<!-- \/ Yoast SEO plugin. -->","yoast_head_json":{"title":"Pol\u00edtica do Sistema de Gest\u00e3o - TRIA","robots":{"index":"index","follow":"follow","max-snippet":"max-snippet:-1","max-image-preview":"max-image-preview:large","max-video-preview":"max-video-preview:-1"},"canonical":"https:\/\/www.tria.pt\/pt\/management-system-policy\/","og_locale":"pt_PT","og_type":"article","og_title":"Pol\u00edtica do Sistema de Gest\u00e3o - TRIA","og_description":"[vc_row][vc_column width=&#8221;1\/6&#8243;][\/vc_column][vc_column width=&#8221;2\/3&#8243;][\/vc_column][vc_column width=&#8221;1\/6&#8243;][\/vc_column][\/vc_row]","og_url":"https:\/\/www.tria.pt\/pt\/management-system-policy\/","og_site_name":"TRIA","article_modified_time":"2021-11-22T11:21:24+00:00","twitter_card":"summary_large_image","twitter_misc":{"Est. reading time":"2 minutes"},"schema":{"@context":"https:\/\/schema.org","@graph":[{"@type":"WebPage","@id":"https:\/\/www.tria.pt\/pt\/management-system-policy\/","url":"https:\/\/www.tria.pt\/pt\/management-system-policy\/","name":"Pol\u00edtica do Sistema de Gest\u00e3o - TRIA","isPartOf":{"@id":"https:\/\/www.tria.pt\/pt\/#website"},"datePublished":"2019-02-26T12:51:57+00:00","dateModified":"2021-11-22T11:21:24+00:00","breadcrumb":{"@id":"https:\/\/www.tria.pt\/pt\/management-system-policy\/#breadcrumb"},"inLanguage":"pt","potentialAction":[{"@type":"ReadAction","target":["https:\/\/www.tria.pt\/pt\/management-system-policy\/"]}]},{"@type":"BreadcrumbList","@id":"https:\/\/www.tria.pt\/pt\/management-system-policy\/#breadcrumb","itemListElement":[{"@type":"ListItem","position":1,"name":"Home","item":"https:\/\/www.tria.pt\/pt\/"},{"@type":"ListItem","position":2,"name":"Pol\u00edtica do Sistema de Gest\u00e3o"}]},{"@type":"WebSite","@id":"https:\/\/www.tria.pt\/pt\/#website","url":"https:\/\/www.tria.pt\/pt\/","name":"TRIA","description":"Passive Fire Protection and Thermoresistant Solutions","potentialAction":[{"@type":"SearchAction","target":{"@type":"EntryPoint","urlTemplate":"https:\/\/www.tria.pt\/pt\/?s={search_term_string}"},"query-input":{"@type":"PropertyValueSpecification","valueRequired":true,"valueName":"search_term_string"}}],"inLanguage":"pt"}]}},"_links":{"self":[{"href":"https:\/\/www.tria.pt\/pt\/wp-json\/wp\/v2\/pages\/5674185"}],"collection":[{"href":"https:\/\/www.tria.pt\/pt\/wp-json\/wp\/v2\/pages"}],"about":[{"href":"https:\/\/www.tria.pt\/pt\/wp-json\/wp\/v2\/types\/page"}],"author":[{"embeddable":true,"href":"https:\/\/www.tria.pt\/pt\/wp-json\/wp\/v2\/users\/1"}],"replies":[{"embeddable":true,"href":"https:\/\/www.tria.pt\/pt\/wp-json\/wp\/v2\/comments?post=5674185"}],"version-history":[{"count":8,"href":"https:\/\/www.tria.pt\/pt\/wp-json\/wp\/v2\/pages\/5674185\/revisions"}],"predecessor-version":[{"id":5682726,"href":"https:\/\/www.tria.pt\/pt\/wp-json\/wp\/v2\/pages\/5674185\/revisions\/5682726"}],"wp:attachment":[{"href":"https:\/\/www.tria.pt\/pt\/wp-json\/wp\/v2\/media?parent=5674185"}],"curies":[{"name":"wp","href":"https:\/\/api.w.org\/{rel}","templated":true}]}}